{"id":1314,"date":"2023-09-28T16:19:47","date_gmt":"2023-09-28T14:19:47","guid":{"rendered":"https:\/\/www.camping-eleovic.com\/walking-biking\/"},"modified":"2025-10-30T12:11:27","modified_gmt":"2025-10-30T11:11:27","slug":"walking-biking","status":"publish","type":"page","link":"https:\/\/www.camping-eleovic.com\/en\/walking-biking\/","title":{"rendered":"On foot or by bike"},"content":{"rendered":"\n<div class=\"is-layout-constrained wp-block-group\">\n<h1 class=\"has-text-align-center\">Discover Pornic on <span class=\"fc-span\">foot or by bike<\/span><\/h1>\n\n\n\n<p class=\"has-text-align-center\"><a href=\"https:\/\/www.camping-eleovic.com\/alentours\/pornic\/\">Pornic<\/a>, with its 15 km of coastline, lies at the confluence of 3 rivers and the sea. Discover this pretty seaside resort with its beaches, creeks, <a href=\"https:\/\/www.camping-eleovic.com\/en\/alentours\/castle-pornic-loire-atlantique\/\" data-type=\"alentours\" data-id=\"135\">castle<\/a>, villas and <strong>numerous walks and bike<\/strong> rides.<\/p>\n\n\n\n<ul>\n<li><a href=\"https:\/\/www.camping-eleovic.com\/wp-content\/uploads\/2018\/02\/fiche-randonnee-pornic-prefailles-1108.pdf\" target=\"_blank\" rel=\"noreferrer noopener\">Itin\u00e9raire V\u00e9loc\u00e9an Pornic, St-Michel-Chef-Chef, Pr\u00e9faille<\/a><\/li>\n\n\n\n<li><a href=\"https:\/\/www.camping-eleovic.com\/wp-content\/uploads\/2018\/02\/circuit-pointe-saint-gildas-5942.pdf\" target=\"_blank\" rel=\"noreferrer noopener\">Sentier des Douaniers &#8211; Pointe St Gildas<\/a><\/li>\n\n\n\n<li><a href=\"https:\/\/www.camping-eleovic.com\/wp-content\/uploads\/2018\/02\/circuit-pasquin-5934.pdf\" target=\"_blank\" rel=\"noreferrer noopener\">Sentier des Douaniers &#8211; Pasquin<\/a><\/li>\n<\/ul>\n<\/div>\n\n\n\n<div class=\"is-layout-flex wp-container-4 wp-block-columns alignfull deco--brush-top has-beige-background-color has-background\">\n<div class=\"is-layout-flow wp-block-column\">\n<h2>Pornic by bike via the V\u00e9loc\u00e9an <span class=\"fc-span\">and V\u00e9lodyss\u00e9e<\/span> routes<\/h2>\n\n\n\n<p>Discover the pretty seaside resort of Pornic by bike, with its many beautiful beaches and picturesque port. The commune has numerous cycle paths. <a href=\"https:\/\/www.camping-eleovic.com\/en\/location-de-velo\/\" data-type=\"page\" data-id=\"480\">Book your classic bike at the campsite<\/a> and set off for a ride by the sea or inland.<\/p>\n\n\n\n<p>An itinerary for every practice! Whether you&#8217;re an experienced cyclist looking for a multi-day itinerary, or a day-tripper, Loire-Atlantique has something for everyone. <strong>Discover Pornic by bike<\/strong> and enjoy the many landscapes around the campsite. From 1-hour tours to full-day tours, you&#8217;ll find the tour that&#8217;s right for you.<\/p>\n\n\n\n<p>Pedal along the coast on the &#8220;v\u00e9loc\u00e9an&#8221; or the &#8220;V\u00e9lodyss\u00e9e&#8221;. These safe, signposted circuits take you through historic villages, seaside resorts and salt marshes.<\/p>\n\n\n\n<h2>The V\u00e9lodyss\u00e9e cycle route starts from the Corniche de la Hutte, 900m from the campsite<\/h2>\n\n\n\n<figure class=\"wp-block-image size-full fc-auto\"><img decoding=\"async\" width=\"900\" height=\"600\" src=\"https:\/\/www.camping-eleovic.com\/wp-content\/uploads\/2025\/10\/image-1.png\" alt=\"\" class=\"wp-image-2846\" srcset=\"https:\/\/www.camping-eleovic.com\/wp-content\/uploads\/2025\/10\/image-1.png 900w, https:\/\/www.camping-eleovic.com\/wp-content\/uploads\/2025\/10\/image-1-300x200.png 300w, https:\/\/www.camping-eleovic.com\/wp-content\/uploads\/2025\/10\/image-1-768x512.png 768w\" sizes=\"(max-width: 900px) 100vw, 900px\" title=\"\"><\/figure>\n\n\n\n<p>From your mobile home or pitch, reach the Corniche de la Hutte just 900 meters from the campsite and walk along the beaches of Pr\u00e9failles towards Pornic via Plaine-sur-Mer.<\/p>\n\n\n\n<p>Follow the V\u00e9loc\u00e9an and V\u00e9lodyss\u00e9e cycle routes along the Atlantic coast, discovering remarkable tourist sites, numerous beaches, pretty harbours and numerous curiosities.<\/p>\n\n\n\n<ul>\n<li>The Veloc\u00e9an: 148 km, from P\u00e9nestin to Saint Nazaire<\/li>\n\n\n\n<li>La V\u00e9lodyss\u00e9e: 1240 km, from Roscoff to Hendaye.<\/li>\n<\/ul>\n<\/div>\n\n\n\n<div class=\"is-layout-flow wp-block-column\">\n<h2>Pornic on foot, <span class=\"fc-span\">many walks and GR8<\/span><\/h2>\n\n\n\n<p>Pornic has a pedestrian trail that winds around the town, discovering customs houses, ancient churches and castles. You&#8217;ll also find a number of nature and seaside tours around Pornic for a complete break and a return to nature and the great outdoors. By the sea, on the canal or in the bocages, you&#8217;ll find the tour that&#8217;s right for you, from beginner to advanced, from 1 hour to a full day.<\/p>\n\n\n\n<p>The &#8220;Douaniers&#8221; trail is at the foot of the campsite. Stroll along the GR8 (white and red markings) along the seafront and discover the many facets of the Jade coast, with its long sandy beaches, intimate coves and jagged cliffs.<br>Mandatory break at Pointe Saint-Gildas for 360\u00b0 views of the Atlantic.<\/p>\n<\/div>\n<\/div>\n","protected":false},"excerpt":{"rendered":"<p>Discover Pornic on foot or by bike Pornic, with its 15 km of coastline, lies at the confluence of 3 rivers and the sea. Discover this pretty seaside resort with its beaches, creeks, castle, villas and numerous walks and bike rides. Pornic by bike via the V\u00e9loc\u00e9an and V\u00e9lodyss\u00e9e routes Discover the pretty seaside resort [&hellip;]<\/p>\n","protected":false},"author":1,"featured_media":0,"parent":0,"menu_order":0,"comment_status":"closed","ping_status":"closed","template":"","meta":[],"acf":[],"_links":{"self":[{"href":"https:\/\/www.camping-eleovic.com\/en\/wp-json\/wp\/v2\/pages\/1314"}],"collection":[{"href":"https:\/\/www.camping-eleovic.com\/en\/wp-json\/wp\/v2\/pages"}],"about":[{"href":"https:\/\/www.camping-eleovic.com\/en\/wp-json\/wp\/v2\/types\/page"}],"author":[{"embeddable":true,"href":"https:\/\/www.camping-eleovic.com\/en\/wp-json\/wp\/v2\/users\/1"}],"replies":[{"embeddable":true,"href":"https:\/\/www.camping-eleovic.com\/en\/wp-json\/wp\/v2\/comments?post=1314"}],"version-history":[{"count":4,"href":"https:\/\/www.camping-eleovic.com\/en\/wp-json\/wp\/v2\/pages\/1314\/revisions"}],"predecessor-version":[{"id":2849,"href":"https:\/\/www.camping-eleovic.com\/en\/wp-json\/wp\/v2\/pages\/1314\/revisions\/2849"}],"wp:attachment":[{"href":"https:\/\/www.camping-eleovic.com\/en\/wp-json\/wp\/v2\/media?parent=1314"}],"curies":[{"name":"wp","href":"https:\/\/api.w.org\/{rel}","templated":true}]}}