{"id":3030,"date":"2026-01-06T16:34:12","date_gmt":"2026-01-06T15:34:12","guid":{"rendered":"https:\/\/www.camping-eleovic.com\/?page_id=3030"},"modified":"2026-01-06T16:34:15","modified_gmt":"2026-01-06T15:34:15","slug":"beste-reisezeit-atlantikkueste-frankreich","status":"publish","type":"page","link":"https:\/\/www.camping-eleovic.com\/de\/beste-reisezeit-atlantikkueste-frankreich\/","title":{"rendered":"beste reisezeit frankreich atlantikk\u00fcste (meilleure p\u00e9riode cote atlantique)"},"content":{"rendered":"\n<div class=\"is-layout-flow wp-block-group alignfull diaporama-header\">\n<figure class=\"is-layout-flex wp-block-gallery-1 wp-block-gallery has-nested-images columns-default is-cropped fc-auto\">\n<figure class=\"wp-block-image size-full fc-auto\"><img decoding=\"async\" width=\"1920\" height=\"900\" src=\"https:\/\/www.camping-eleovic.com\/wp-content\/uploads\/2023\/08\/sans-titre-6-1920x900-1.png\" alt=\"Camping Tharon-Plage\" class=\"wp-image-235\" srcset=\"https:\/\/www.camping-eleovic.com\/wp-content\/uploads\/2023\/08\/sans-titre-6-1920x900-1.png 1920w, https:\/\/www.camping-eleovic.com\/wp-content\/uploads\/2023\/08\/sans-titre-6-1920x900-1-300x141.png 300w, https:\/\/www.camping-eleovic.com\/wp-content\/uploads\/2023\/08\/sans-titre-6-1920x900-1-1024x480.png 1024w, https:\/\/www.camping-eleovic.com\/wp-content\/uploads\/2023\/08\/sans-titre-6-1920x900-1-768x360.png 768w, https:\/\/www.camping-eleovic.com\/wp-content\/uploads\/2023\/08\/sans-titre-6-1920x900-1-1536x720.png 1536w\" sizes=\"(max-width: 1920px) 100vw, 1920px\" title=\"\"><\/figure>\n<\/figure>\n<\/div>\n\n\n\n<div class=\"is-layout-flex wp-container-5 wp-block-columns\">\n<div class=\"is-layout-flow wp-block-column\">\n<h1 class=\"has-text-align-center\">Wann ist die beste Reisezeit f\u00fcr einen Urlaub an der franz\u00f6sischen Atlantikk\u00fcste?<\/h1>\n\n\n\n<p>Sie leben in Deutschland und m\u00f6chten wissen, <strong>wann die beste Reisezeit f\u00fcr einen Urlaub an der franz\u00f6sischen Atlantikk\u00fcste ist<\/strong>?<br><strong>Die Region Pays de la Loire im Nordwesten Frankreichs z\u00e4hlt zu den beliebtesten Reisezielen an der Atlantikk\u00fcste.<\/strong> In <strong>Pr\u00e9failles<\/strong> empf\u00e4ngt Sie der <a href=\"https:\/\/www.camping-eleovic.com\/de\/\">Camping \u00c9l\u00e9ovic direkt am Meer<\/a>, in einer nat\u00fcrlichen und gesch\u00fctzten Umgebung.<\/p>\n\n\n\n<p>W\u00e4hlen Sie Ihre Reisezeit je nach Ihren W\u00fcnschen: mildes Klima, Badeurlaub, Ruhe oder aktive Ferien.<\/p>\n<\/div>\n<\/div>\n\n\n\n<div class=\"is-layout-flex wp-container-11 wp-block-columns alignfull E-10 deco--brush-top reverse-mob has-beige-background-color has-background\">\n<div class=\"is-layout-flow wp-block-column\">\n<figure class=\"is-layout-flex wp-block-gallery-6 wp-block-gallery has-nested-images columns-2 is-cropped fc-auto\">\n<figure class=\"wp-block-image size-full fc-auto\"><img decoding=\"async\" width=\"900\" height=\"600\" src=\"https:\/\/www.camping-eleovic.com\/wp-content\/uploads\/2026\/01\/ado-fruhling-atlantikkuste.jpg\" alt=\"Atlantikk\u00fcste im Fr\u00fchling\" class=\"wp-image-3031\" srcset=\"https:\/\/www.camping-eleovic.com\/wp-content\/uploads\/2026\/01\/ado-fruhling-atlantikkuste.jpg 900w, https:\/\/www.camping-eleovic.com\/wp-content\/uploads\/2026\/01\/ado-fruhling-atlantikkuste-300x200.jpg 300w, https:\/\/www.camping-eleovic.com\/wp-content\/uploads\/2026\/01\/ado-fruhling-atlantikkuste-768x512.jpg 768w\" sizes=\"(max-width: 900px) 100vw, 900px\" title=\"\"><\/figure>\n<\/figure>\n<\/div>\n\n\n\n<div class=\"is-layout-flow wp-block-column is-vertically-aligned-center E-10__right deco--bamboo\">\n<h2>Reisen Sie im Fr\u00fchling f\u00fcr milde Temperaturen und Naturerlebnisse (April bis Juni)<\/h2>\n\n\n\n<p>Im Fr\u00fchling genie\u00dfen Sie an der Atlantikk\u00fcste ein angenehmes und helles Klima.<br>Die <strong>Temperaturen liegen meist zwischen 15 und 22 \u00b0C<\/strong>, mit vielen sonnigen Tagen und ohne gro\u00dfe Hitze.<\/p>\n\n\n\n<p>Diese Zeit eignet sich ideal, wenn Sie:<\/p>\n\n\n\n<ul>\n<li>Spazierg\u00e4nge entlang der K\u00fcste unternehmen m\u00f6chten,<\/li>\n\n\n\n<li>Buchten und die wilde K\u00fcste erkunden wollen,<\/li>\n\n\n\n<li>au\u00dferhalb der Hochsaison reisen m\u00f6chten.<\/li>\n<\/ul>\n\n\n\n<p>In Pr\u00e9failles bietet Ihnen der Camping \u00c9l\u00e9ovic optimale Bedingungen, um Natur, Meeresluft und Ruhe zu genie\u00dfen.<\/p>\n\n\n\n<div class=\"is-layout-flex wp-block-buttons\">\n<div class=\"wp-block-button fc-style-1\"><a class=\"wp-block-button__link wp-element-button\" href=\"https:\/\/www.camping-eleovic.com\/de\/foto-galerie-camping-atlantikkuste\/\"><span class=\"fc-icon\" style=\"width:30px; height:30px\"><svg xmlns=\"http:\/\/www.w3.org\/2000\/svg\" viewBox=\"0 0 512 512\"><!--! Font Awesome Pro 6.4.0 by @fontawesome - https:\/\/fontawesome.com License - https:\/\/fontawesome.com\/license (Commercial License) Copyright 2023 Fonticons, Inc. --><path d=\"M64 64C46.3 64 32 78.3 32 96V329.4l67.7-67.7c15.6-15.6 40.9-15.6 56.6 0L224 329.4 355.7 197.7c15.6-15.6 40.9-15.6 56.6 0L480 265.4V96c0-17.7-14.3-32-32-32H64zM32 374.6V416c0 17.7 14.3 32 32 32h41.4l96-96-67.7-67.7c-3.1-3.1-8.2-3.1-11.3 0L32 374.6zM389.7 220.3c-3.1-3.1-8.2-3.1-11.3 0L150.6 448H448c17.7 0 32-14.3 32-32V310.6l-90.3-90.3zM0 96C0 60.7 28.7 32 64 32H448c35.3 0 64 28.7 64 64V416c0 35.3-28.7 64-64 64H64c-35.3 0-64-28.7-64-64V96zm160 48a16 16 0 1 0 -32 0 16 16 0 1 0 32 0zm-64 0a48 48 0 1 1 96 0 48 48 0 1 1 -96 0z\"\/><\/svg><\/span>  Mediengalerie<\/a><\/div>\n<\/div>\n<\/div>\n<\/div>\n\n\n\n<div class=\"is-layout-flex wp-container-17 wp-block-columns\">\n<div class=\"is-layout-flow wp-block-column deco--oiseaux\" style=\"flex-basis:50%\">\n<h2>W\u00e4hlen Sie den Sommer f\u00fcr Badeurlaub und lebendige Atmosph\u00e4re (Juli und August)<\/h2>\n\n\n\n<p>Der Sommer ist die Hochsaison an der Atlantikk\u00fcste des Pays de la Loire.<br>Die <strong>Tagestemperaturen bewegen sich im Durchschnitt zwischen 22 und 28 \u00b0C<\/strong>, wobei die Meeresbrise f\u00fcr ein angenehmes Klima sorgt.<\/p>\n\n\n\n<p>Diese Monate sind ideal, wenn Sie:<\/p>\n\n\n\n<ul>\n<li>im Atlantik baden m\u00f6chten,<\/li>\n\n\n\n<li>Str\u00e4nde und Wassersport genie\u00dfen wollen,<\/li>\n\n\n\n<li>mit der Familie verreisen.<\/li>\n<\/ul>\n\n\n\n<p>Dank seiner Lage in Pr\u00e9failles, nahe nat\u00fcrlicher Str\u00e4nde und kleiner Buchten, k\u00f6nnen Sie im Camping \u00c9l\u00e9ovic den Sommer genie\u00dfen, ohne den Trubel gro\u00dfer Badeorte.<\/p>\n\n\n\n<div class=\"is-content-justification-left is-layout-flex wp-container-12 wp-block-buttons\">\n<div class=\"wp-block-button btn_resa fc-style-3\"><a class=\"wp-block-button__link wp-element-button\"><span class=\"fc-icon\" style=\"width:30px; height:30px\"><svg xmlns=\"http:\/\/www.w3.org\/2000\/svg\" viewBox=\"0 0 512 512\"><!--! Font Awesome Pro 6.4.0 by @fontawesome - https:\/\/fontawesome.com License - https:\/\/fontawesome.com\/license (Commercial License) Copyright 2023 Fonticons, Inc. --><path d=\"M384 208A176 176 0 1 0 32 208a176 176 0 1 0 352 0zM343.3 366C307 397.2 259.7 416 208 416C93.1 416 0 322.9 0 208S93.1 0 208 0S416 93.1 416 208c0 51.7-18.8 99-50 135.3L507.3 484.7c6.2 6.2 6.2 16.4 0 22.6s-16.4 6.2-22.6 0L343.3 366z\"\/><\/svg><\/span>  Buchen<\/a><\/div>\n<\/div>\n<\/div>\n\n\n\n<div class=\"is-layout-flow wp-block-column\">\n<figure class=\"is-layout-flex wp-block-gallery-14 wp-block-gallery has-nested-images columns-2 is-cropped fc-auto\">\n<figure class=\"wp-block-image size-large fc-auto\"><img decoding=\"async\" width=\"1024\" height=\"683\" src=\"https:\/\/www.camping-eleovic.com\/wp-content\/uploads\/2023\/09\/1000006885-1024x683.jpg\" alt=\"Atlantikk\u00fcste im Sommer\" class=\"wp-image-874\" srcset=\"https:\/\/www.camping-eleovic.com\/wp-content\/uploads\/2023\/09\/1000006885-1024x683.jpg 1024w, https:\/\/www.camping-eleovic.com\/wp-content\/uploads\/2023\/09\/1000006885-300x200.jpg 300w, https:\/\/www.camping-eleovic.com\/wp-content\/uploads\/2023\/09\/1000006885-768x512.jpg 768w, https:\/\/www.camping-eleovic.com\/wp-content\/uploads\/2023\/09\/1000006885.jpg 1080w\" sizes=\"(max-width: 1024px) 100vw, 1024px\" title=\"\"><\/figure>\n<\/figure>\n<\/div>\n<\/div>\n\n\n\n<div class=\"is-layout-flex wp-container-23 wp-block-columns alignfull E-10 deco--brush-top reverse-mob has-beige-background-color has-background\">\n<div class=\"is-layout-flow wp-block-column\">\n<figure class=\"is-layout-flex wp-block-gallery-18 wp-block-gallery has-nested-images columns-2 is-cropped fc-auto\">\n<figure class=\"wp-block-image size-full fc-auto\"><img decoding=\"async\" width=\"900\" height=\"600\" src=\"https:\/\/www.camping-eleovic.com\/wp-content\/uploads\/2026\/01\/ado-september-atlantikkuste.jpg\" alt=\"Atlantikk\u00fcste im September\" class=\"wp-image-3034\" srcset=\"https:\/\/www.camping-eleovic.com\/wp-content\/uploads\/2026\/01\/ado-september-atlantikkuste.jpg 900w, https:\/\/www.camping-eleovic.com\/wp-content\/uploads\/2026\/01\/ado-september-atlantikkuste-300x200.jpg 300w, https:\/\/www.camping-eleovic.com\/wp-content\/uploads\/2026\/01\/ado-september-atlantikkuste-768x512.jpg 768w\" sizes=\"(max-width: 900px) 100vw, 900px\" title=\"\"><\/figure>\n<\/figure>\n<\/div>\n\n\n\n<div class=\"is-layout-flow wp-block-column is-vertically-aligned-center E-10__right deco--bamboo\">\n<h2>Bevorzugen Sie den September f\u00fcr Ruhe und angenehme Temperaturen<\/h2>\n\n\n\n<p>F\u00fcr viele deutsche Urlauber gilt <strong>der September als beste Reisezeit f\u00fcr die franz\u00f6sische Atlantikk\u00fcste<\/strong>.<br>Die <strong>Temperaturen bleiben angenehm zwischen 18 und 24 \u00b0C<\/strong>, und das Meer ist noch vom Sommer erw\u00e4rmt.<\/p>\n\n\n\n<p>Diese Zeit ist perfekt, wenn Sie:<\/p>\n\n\n\n<ul>\n<li>entspannte Tage am Meer verbringen m\u00f6chten,<\/li>\n\n\n\n<li>weniger Menschen an den Str\u00e4nden bevorzugen,<\/li>\n\n\n\n<li>die Region in ruhiger Atmosph\u00e4re entdecken wollen.<\/li>\n<\/ul>\n\n\n\n<p>Im September bietet der Camping \u00c9l\u00e9ovic ideale Voraussetzungen f\u00fcr erholsame Urlaubstage direkt am Atlantik.<\/p>\n\n\n\n<div class=\"is-content-justification-left is-layout-flex wp-container-21 wp-block-buttons\">\n<div class=\"wp-block-button fc-style-3\"><a class=\"wp-block-button__link wp-element-button\" href=\"https:\/\/www.camping-eleovic.com\/de\/stellplatze-camping-atlantikkuste\/\"><span class=\"fc-icon\" style=\"width:30px; height:30px\"><svg xmlns=\"http:\/\/www.w3.org\/2000\/svg\" viewBox=\"0 0 640 512\"><!--! Font Awesome Pro 6.4.0 by @fontawesome - https:\/\/fontawesome.com License - https:\/\/fontawesome.com\/license (Commercial License) Copyright 2023 Fonticons, Inc. --><path d=\"M404.1 37.1c6.4-7.1 17.4-7.1 23.8 0L538.5 160H480c-6.2 0-11.8 3.6-14.5 9.1s-1.8 12.2 2.1 17L575.8 318.6c.1 .2 .2 .3 .2 .5c0 .5-.4 .9-.9 .9H496c-6.3 0-12.1 3.7-14.6 9.5s-1.4 12.6 2.8 17.2L606 480H414.4c-2.4 11.8-7.4 22.7-14.4 32H609.6c16.8 0 30.4-13.6 30.4-30.4c0-7.6-2.8-14.9-8-20.5L532.3 352h42.8c18.1 0 32.9-14.7 32.9-32.9c0-7.6-2.6-14.9-7.4-20.8L513.7 192h34.7c15.2 0 27.6-12.3 27.6-27.6c0-6.8-2.5-13.4-7.1-18.4L451.7 15.7c-19.1-21.2-52.3-21.2-71.4 0l-95.4 106 23.6 21.6L404.1 37.1zM32 284.2c0-9 3.8-17.5 10.4-23.6l128-117.3c12.2-11.2 31-11.2 43.2 0l128 117.3c6.6 6.1 10.4 14.6 10.4 23.6V448c0 17.7-14.3 32-32 32H64c-17.7 0-32-14.3-32-32V284.2zM0 448c0 35.3 28.7 64 64 64H320c35.3 0 64-28.7 64-64V284.2c0-17.9-7.5-35.1-20.8-47.2l-128-117.3c-24.5-22.4-62-22.4-86.5 0L20.8 237C7.5 249.1 0 266.2 0 284.2V448zM224 288v64H160V288h64zm-64-32c-17.7 0-32 14.3-32 32v64c0 17.7 14.3 32 32 32h64c17.7 0 32-14.3 32-32V288c0-17.7-14.3-32-32-32H160z\"\/><\/svg><\/span>  Stellpl\u00e4tze<\/a><\/div>\n<\/div>\n<\/div>\n<\/div>\n","protected":false},"excerpt":{"rendered":"<p>Wann ist die beste Reisezeit f\u00fcr einen Urlaub an der franz\u00f6sischen Atlantikk\u00fcste? Sie leben in Deutschland und m\u00f6chten wissen, wann die beste Reisezeit f\u00fcr einen Urlaub an der franz\u00f6sischen Atlantikk\u00fcste ist?Die Region Pays de la Loire im Nordwesten Frankreichs z\u00e4hlt zu den beliebtesten Reisezielen an der Atlantikk\u00fcste. In Pr\u00e9failles empf\u00e4ngt Sie der Camping \u00c9l\u00e9ovic direkt [&hellip;]<\/p>\n","protected":false},"author":1,"featured_media":0,"parent":0,"menu_order":0,"comment_status":"closed","ping_status":"closed","template":"","meta":[],"acf":[],"_links":{"self":[{"href":"https:\/\/www.camping-eleovic.com\/de\/wp-json\/wp\/v2\/pages\/3030"}],"collection":[{"href":"https:\/\/www.camping-eleovic.com\/de\/wp-json\/wp\/v2\/pages"}],"about":[{"href":"https:\/\/www.camping-eleovic.com\/de\/wp-json\/wp\/v2\/types\/page"}],"author":[{"embeddable":true,"href":"https:\/\/www.camping-eleovic.com\/de\/wp-json\/wp\/v2\/users\/1"}],"replies":[{"embeddable":true,"href":"https:\/\/www.camping-eleovic.com\/de\/wp-json\/wp\/v2\/comments?post=3030"}],"version-history":[{"count":6,"href":"https:\/\/www.camping-eleovic.com\/de\/wp-json\/wp\/v2\/pages\/3030\/revisions"}],"predecessor-version":[{"id":3043,"href":"https:\/\/www.camping-eleovic.com\/de\/wp-json\/wp\/v2\/pages\/3030\/revisions\/3043"}],"wp:attachment":[{"href":"https:\/\/www.camping-eleovic.com\/de\/wp-json\/wp\/v2\/media?parent=3030"}],"curies":[{"name":"wp","href":"https:\/\/api.w.org\/{rel}","templated":true}]}}