{"id":3008,"date":"2026-01-06T15:08:35","date_gmt":"2026-01-06T14:08:35","guid":{"rendered":"https:\/\/www.camping-eleovic.com\/plus-belles-plages-loire-atlantique\/"},"modified":"2026-01-06T15:52:16","modified_gmt":"2026-01-06T14:52:16","slug":"schonsten-strande-der-loire-atlantique","status":"publish","type":"page","link":"https:\/\/www.camping-eleovic.com\/de\/schonsten-strande-der-loire-atlantique\/","title":{"rendered":"Besuchen Sie die sch\u00f6nsten Str\u00e4nde der Loire-Atlantique"},"content":{"rendered":"\n<div class=\"is-layout-flow wp-block-group alignfull diaporama-header\">\n<figure class=\"is-layout-flex wp-block-gallery-1 wp-block-gallery has-nested-images columns-default is-cropped fc-auto\">\n<figure class=\"wp-block-image size-full fc-auto\"><img decoding=\"async\" width=\"1920\" height=\"900\" src=\"https:\/\/www.camping-eleovic.com\/wp-content\/uploads\/2023\/08\/sans-titre-6-1920x900-1.png\" alt=\"Camping Tharon-Plage\" class=\"wp-image-235\" srcset=\"https:\/\/www.camping-eleovic.com\/wp-content\/uploads\/2023\/08\/sans-titre-6-1920x900-1.png 1920w, https:\/\/www.camping-eleovic.com\/wp-content\/uploads\/2023\/08\/sans-titre-6-1920x900-1-300x141.png 300w, https:\/\/www.camping-eleovic.com\/wp-content\/uploads\/2023\/08\/sans-titre-6-1920x900-1-1024x480.png 1024w, https:\/\/www.camping-eleovic.com\/wp-content\/uploads\/2023\/08\/sans-titre-6-1920x900-1-768x360.png 768w, https:\/\/www.camping-eleovic.com\/wp-content\/uploads\/2023\/08\/sans-titre-6-1920x900-1-1536x720.png 1536w\" sizes=\"(max-width: 1920px) 100vw, 1920px\" title=\"\"><\/figure>\n<\/figure>\n<\/div>\n\n\n\n<div class=\"is-layout-flex wp-container-5 wp-block-columns\">\n<div class=\"is-layout-flow wp-block-column\">\n<h1 class=\"has-text-align-center\">Besuchen Sie die sch\u00f6nsten Str\u00e4nde der Loire-Atlantique (44)<\/h1>\n\n\n\n<p class=\"has-text-align-center\">In Pr\u00e9failles ist der Camping \u00c9l\u00e9ovic ein idealer Ausgangspunkt, um die <strong>Str\u00e4nde der Loire-Atlantique<\/strong> zu entdecken. Direkt am Meer gelegen, bietet er einen unmittelbaren Zugang zur wilden K\u00fcste und erm\u00f6glicht es, schnell mehrere kleine Buchten zu erreichen. Entdecken wir gemeinsam die <strong>sch\u00f6nsten Str\u00e4nde der Loire-Atlantique<\/strong>.  <\/p>\n<\/div>\n<\/div>\n\n\n\n<div class=\"is-layout-flex wp-container-10 wp-block-columns\">\n<div class=\"is-layout-flow wp-block-column\">\n<h2>Unsere Auswahl der besten Str\u00e4nde, die von Pr\u00e9failles in der Loire-Atlantique aus erreichbar sind.<\/h2>\n\n\n\n<p>Nur wenige Minuten mit dem Auto oder zu Fu\u00df vom Campingplatz entfernt entdecken Sie<strong> 5 Str\u00e4nde der Loire-Atlantique, die Sie nicht verpassen sollten<\/strong> mit ihrem einzigartigen Charme.<\/p>\n\n\n\n<div class=\"is-layout-flex wp-container-8 wp-block-columns\">\n<div class=\"is-layout-flow wp-block-column\">\n<h3>Strand von la Raize bis Pr\u00e9failles (5 Min. zu Fu\u00df)<\/h3>\n\n\n\n<p>Nur zwei Schritte vom Campingplatz entfernt finden Sie einen der kleinen  Str\u00e4nde von Pr\u00e9failles, den <strong>Strand von la Raize<\/strong>, eine kleine Bucht versteckt mit klarem Wasser und mit Felsen umsp\u00fclt von der Flut.<\/p>\n\n\n\n<ul>\n<li>Gut zu wissen: Diese Bucht wird nicht \u00fcberwacht. Was Hunde betrifft, kann der Zugang je nach Saison eingeschr\u00e4nkt sein. Es wird empfohlen, die Informationsschilder am Eingang zu beachten.  <\/li>\n<\/ul>\n\n\n\n<h3>Strand Anse du Sud in Pr\u00e9failles (10 Minuten zu Fu\u00df)<\/h3>\n\n\n\n<p>Etwas weiter entfernt bietet die <strong>Anse du Sud<\/strong> eine eher wilde Atmosph\u00e4re. Sand trifft auf Felsen, Vegetation s\u00e4umt die K\u00fcste und der Ort ist ruhig. Es ist eine echte Oase fernab vom Trubel.  <\/p>\n\n\n\n<ul>\n<li>Gut zu wissen: W\u00e4hrend der Saison wird das Baden \u00fcberwacht. Hunde d\u00fcrfen au\u00dferhalb der Saison mitgebracht werden. <\/li>\n<\/ul>\n\n\n\n<h3>Strand von Tharon in Saint-Michel-Chef-Chef (10-12 Min. mit dem Auto)<\/h3>\n\n\n\n<p>In Richtung Saint-Michel-Chef-Chef ist der <a href=\"https:\/\/www.camping-eleovic.com\/de\/alentours\/grosser-strand-von-tharon\/\">Strand von Tharon<\/a> ein weitl\u00e4ufiger Sandstrand mit famili\u00e4rer Atmosph\u00e4re. Es ist der ideale Ort f\u00fcr Kinder, mit abwechslungsreichen Aktivit\u00e4ten wie Strandsegeln oder Muschelsammeln, je nach Gezeiten.<\/p>\n\n\n\n<ul>\n<li>Gut zu wissen: Das Baden wird im Sommer \u00fcberwacht. F\u00fcr Hunde: In einigen Bereichen sind sie au\u00dferhalb der Saison erlaubt, aber achten Sie dennoch auf die Hinweisschilder. <\/li>\n<\/ul>\n<\/div>\n\n\n\n<div class=\"is-layout-flow wp-block-column\">\n<h3>Strand von Gohaud in Saint-Michel-Chef-Chef (20 Min. mit dem Auto)<\/h3>\n\n\n\n<p>Etwas weiter entfernt zeichnet sich der <strong>Strand von Gohaud<\/strong> durch seine breite Strandpromenade und seine sanften D\u00fcnen aus. Seine Vorz\u00fcge: feiner Sand und ein Parkplatz in der N\u00e4he. <\/p>\n\n\n\n<ul>\n<li>Gut zu wissen: Der Strand wird im Juli und August bewacht. Haustiere sind von Mitte September bis Mitte Juni unter bestimmten Bedingungen erlaubt. <\/li>\n<\/ul>\n\n\n\n<h3>Strand von La Source bis Pornic (20 Min. mit dem Auto)<\/h3>\n\n\n\n<p>Der <strong>Strand von La Source<\/strong> liegt in einem der sch\u00f6nsten D\u00f6rfer der Loire-Atlantique und z\u00e4hlt zu den sch\u00f6nsten Buchten der Region. T\u00fcrkisfarbenes Wasser, intime Umgebung und schick-entspannte Atmosph\u00e4re: Dies ist eines der sch\u00f6nsten Juwelen der K\u00fcste.<\/p>\n\n\n\n<ul>\n<li>Gut zu wissen: Der Strand wird in der Hochsaison (von Juli bis August) \u00fcberwacht. Wenn Sie Ihren <a href=\"https:\/\/www.camping-eleovic.com\/de\/camping-mit-hund-frankreich-atlantikkuste\/\">Urlaub mit Ihrem Hund<\/a> verbringen, beachten Sie bitte, dass Hunde nur von Oktober bis M\u00e4rz erlaubt sind. <\/li>\n<\/ul>\n\n\n\n<details>\n<summary>Wie kann man vom Campingplatz \u00c9l\u00e9ovic aus die Str\u00e4nde genie\u00dfen?<\/summary>\nIn der Loire-Atlantique sind die Gezeiten sehr ausgepr\u00e4gt. Je nach Uhrzeit kann die Flut oder Ebbe die Landschaft vollst\u00e4ndig ver\u00e4ndern, indem gro\u00dfe Felsfl\u00e4chen freigelegt werden oder der Badebereich kleiner wird. Unser Tipp: Informieren Sie sich stets \u00fcber die Gezeitenzeiten und passen Sie Ihre Aktivit\u00e4ten entsprechend an (Muschelsammeln, Ballspiele, Strandspiele).  \n<\/details>\n\n\n<details>\n<summary>Welche Str\u00e4nde sind vom Campingplatz \u00c9l\u00e9ovic aus erreichbar?<\/summary>\nVom Campingplatz \u00c9l\u00e9ovic aus k\u00f6nnen Sie zu Fu\u00df oder mit dem Fahrrad den Strand von La Raize oder die Anse du Sud erreichen. Am besten genie\u00dfen Sie morgens die K\u00fcste, kehren zum Mittagessen in Ihr Mobilheim oder Zelt zur\u00fcck, um sich zu entspannen, und machen sich dann am Nachmittag auf den Weg zu einem weiter entfernten Strand. \n<\/details>\n\n\n<details>\n<summary>Welche Ausr\u00fcstung sollte man mitnehmen, um den Strand zu genie\u00dfen? <\/summary>\nDenken Sie daran, Folgendes mitzunehmen:\n\u2022 eine Sonnencreme f\u00fcr den Strand, auch bei bew\u00f6lktem Wetter;<br>\u2022 ein Handtuch;<br>\u2022 eine Windjacke f\u00fcr die k\u00fchlen Abende ;<br>\u2022 eine Tasche zum Sammeln von Muscheln oder kleinen Sch\u00e4tzen; <br>\u2022 ein Paar Schuhe geeignet f\u00fcr die Felsen oder a46&gt; die Wellenbrecher wenn Sie die wilderen Buchten erkunden m\u00f6chten.\n<\/details>\n\n\n<details>\n<summary>Warum sollte man den Campingplatz \u00c9l\u00e9ovic f\u00fcr einen Strandurlaub w\u00e4hlen?<\/summary>\nLeicht erh\u00f6ht gelegen, bietet der Camping \u00c9l\u00e9ovic einen direkten Blick auf das Meer und sch\u00f6ne Panoramen am Morgen sowie am Abend. Wenn Sie diesen Campingplatz als Ausgangspunkt w\u00e4hlen, profitieren Sie von komfortablen Unterk\u00fcnften und einem einfachen Zugang zu zahlreichen Buchten und Str\u00e4nden. Pr\u00e9failles und seine K\u00fcste hei\u00dfen Sie willkommen zu einem authentischen und erholsamen Aufenthalt am Wasser.  \n<\/details>\n<\/div>\n<\/div>\n<\/div>\n<\/div>\n\n\n\n<div class=\"is-layout-flex wp-container-14 wp-block-columns\">\n<div class=\"is-layout-flow wp-block-column\">\n<figure class=\"is-layout-flex wp-block-gallery-11 wp-block-gallery has-nested-images columns-default is-cropped fc-auto\">\n<figure class=\"wp-block-image size-large fc-auto\"><img decoding=\"async\" width=\"900\" height=\"600\" src=\"https:\/\/www.camping-eleovic.com\/wp-content\/uploads\/2025\/08\/Ado-saint-nazaire-vue-ciel.jpg\" alt=\"Strand Loire-Atlantique\" class=\"wp-image-2645\" srcset=\"https:\/\/www.camping-eleovic.com\/wp-content\/uploads\/2025\/08\/Ado-saint-nazaire-vue-ciel.jpg 900w, https:\/\/www.camping-eleovic.com\/wp-content\/uploads\/2025\/08\/Ado-saint-nazaire-vue-ciel-300x200.jpg 300w, https:\/\/www.camping-eleovic.com\/wp-content\/uploads\/2025\/08\/Ado-saint-nazaire-vue-ciel-768x512.jpg 768w\" sizes=\"(max-width: 900px) 100vw, 900px\" title=\"\"><\/figure>\n\n\n\n<figure class=\"wp-block-image size-large fc-auto\"><img decoding=\"async\" width=\"900\" height=\"601\" src=\"https:\/\/www.camping-eleovic.com\/wp-content\/uploads\/2025\/08\/atlantikkuste-landes.jpg\" alt=\"Strand 44\" class=\"wp-image-2596\" srcset=\"https:\/\/www.camping-eleovic.com\/wp-content\/uploads\/2025\/08\/atlantikkuste-landes.jpg 900w, https:\/\/www.camping-eleovic.com\/wp-content\/uploads\/2025\/08\/atlantikkuste-landes-300x200.jpg 300w, https:\/\/www.camping-eleovic.com\/wp-content\/uploads\/2025\/08\/atlantikkuste-landes-768x513.jpg 768w\" sizes=\"(max-width: 900px) 100vw, 900px\" title=\"\"><\/figure>\n\n\n\n<figure class=\"wp-block-image size-large fc-auto\"><img decoding=\"async\" width=\"900\" height=\"600\" src=\"https:\/\/www.camping-eleovic.com\/wp-content\/uploads\/2025\/07\/ADO-activites-chiens.jpg\" alt=\"plage loire atlantique avec chien\" class=\"wp-image-2559\" srcset=\"https:\/\/www.camping-eleovic.com\/wp-content\/uploads\/2025\/07\/ADO-activites-chiens.jpg 900w, https:\/\/www.camping-eleovic.com\/wp-content\/uploads\/2025\/07\/ADO-activites-chiens-300x200.jpg 300w, https:\/\/www.camping-eleovic.com\/wp-content\/uploads\/2025\/07\/ADO-activites-chiens-768x512.jpg 768w\" sizes=\"(max-width: 900px) 100vw, 900px\" title=\"\"><\/figure>\n\n\n\n<figure class=\"wp-block-image size-large fc-auto\"><img decoding=\"async\" width=\"900\" height=\"599\" src=\"https:\/\/www.camping-eleovic.com\/wp-content\/uploads\/2025\/08\/ADO-strande-saint-nazaire.jpg\" alt=\"\" class=\"wp-image-2636\" srcset=\"https:\/\/www.camping-eleovic.com\/wp-content\/uploads\/2025\/08\/ADO-strande-saint-nazaire.jpg 900w, https:\/\/www.camping-eleovic.com\/wp-content\/uploads\/2025\/08\/ADO-strande-saint-nazaire-300x200.jpg 300w, https:\/\/www.camping-eleovic.com\/wp-content\/uploads\/2025\/08\/ADO-strande-saint-nazaire-768x511.jpg 768w\" sizes=\"(max-width: 900px) 100vw, 900px\" title=\"\"><\/figure>\n\n\n\n<figure class=\"wp-block-image size-large fc-auto\"><img decoding=\"async\" width=\"900\" height=\"506\" src=\"https:\/\/www.camping-eleovic.com\/wp-content\/uploads\/2024\/10\/ADO-saint-nazaire.jpg\" alt=\"\" class=\"wp-image-2130\" srcset=\"https:\/\/www.camping-eleovic.com\/wp-content\/uploads\/2024\/10\/ADO-saint-nazaire.jpg 900w, https:\/\/www.camping-eleovic.com\/wp-content\/uploads\/2024\/10\/ADO-saint-nazaire-300x169.jpg 300w, https:\/\/www.camping-eleovic.com\/wp-content\/uploads\/2024\/10\/ADO-saint-nazaire-768x432.jpg 768w\" sizes=\"(max-width: 900px) 100vw, 900px\" title=\"\"><\/figure>\n\n\n\n<figure class=\"wp-block-image size-large fc-auto\"><img decoding=\"async\" width=\"900\" height=\"584\" src=\"https:\/\/www.camping-eleovic.com\/wp-content\/uploads\/2025\/02\/ADO-velo-la-plaine-sur-mer.jpg\" alt=\"\" class=\"wp-image-2373\" srcset=\"https:\/\/www.camping-eleovic.com\/wp-content\/uploads\/2025\/02\/ADO-velo-la-plaine-sur-mer.jpg 900w, https:\/\/www.camping-eleovic.com\/wp-content\/uploads\/2025\/02\/ADO-velo-la-plaine-sur-mer-300x195.jpg 300w, https:\/\/www.camping-eleovic.com\/wp-content\/uploads\/2025\/02\/ADO-velo-la-plaine-sur-mer-768x498.jpg 768w\" sizes=\"(max-width: 900px) 100vw, 900px\" title=\"\"><\/figure>\n<\/figure>\n<\/div>\n<\/div>\n","protected":false},"excerpt":{"rendered":"<p>Besuchen Sie die sch\u00f6nsten Str\u00e4nde der Loire-Atlantique (44) In Pr\u00e9failles ist der Camping \u00c9l\u00e9ovic ein idealer Ausgangspunkt, um die Str\u00e4nde der Loire-Atlantique zu entdecken. Direkt am Meer gelegen, bietet er einen unmittelbaren Zugang zur wilden K\u00fcste und erm\u00f6glicht es, schnell mehrere kleine Buchten zu erreichen. Entdecken wir gemeinsam die sch\u00f6nsten Str\u00e4nde der Loire-Atlantique. Unsere Auswahl [&hellip;]<\/p>\n","protected":false},"author":1,"featured_media":0,"parent":0,"menu_order":0,"comment_status":"closed","ping_status":"closed","template":"","meta":[],"acf":[],"_links":{"self":[{"href":"https:\/\/www.camping-eleovic.com\/de\/wp-json\/wp\/v2\/pages\/3008"}],"collection":[{"href":"https:\/\/www.camping-eleovic.com\/de\/wp-json\/wp\/v2\/pages"}],"about":[{"href":"https:\/\/www.camping-eleovic.com\/de\/wp-json\/wp\/v2\/types\/page"}],"author":[{"embeddable":true,"href":"https:\/\/www.camping-eleovic.com\/de\/wp-json\/wp\/v2\/users\/1"}],"replies":[{"embeddable":true,"href":"https:\/\/www.camping-eleovic.com\/de\/wp-json\/wp\/v2\/comments?post=3008"}],"version-history":[{"count":6,"href":"https:\/\/www.camping-eleovic.com\/de\/wp-json\/wp\/v2\/pages\/3008\/revisions"}],"predecessor-version":[{"id":3029,"href":"https:\/\/www.camping-eleovic.com\/de\/wp-json\/wp\/v2\/pages\/3008\/revisions\/3029"}],"wp:attachment":[{"href":"https:\/\/www.camping-eleovic.com\/de\/wp-json\/wp\/v2\/media?parent=3008"}],"curies":[{"name":"wp","href":"https:\/\/api.w.org\/{rel}","templated":true}]}}