{"id":2571,"date":"2025-08-07T15:16:07","date_gmt":"2025-08-07T13:16:07","guid":{"rendered":"https:\/\/www.camping-eleovic.com\/camping-mit-hund-frankreich-atlantikkuste\/"},"modified":"2025-10-30T16:40:00","modified_gmt":"2025-10-30T15:40:00","slug":"camping-mit-hund-frankreich-atlantikkuste","status":"publish","type":"page","link":"https:\/\/www.camping-eleovic.com\/de\/camping-mit-hund-frankreich-atlantikkuste\/","title":{"rendered":"Camping akzeptiert Hunde"},"content":{"rendered":"\n<div class=\"is-layout-flow wp-block-group alignfull diaporama-header\">\n<figure class=\"is-layout-flex wp-block-gallery-1 wp-block-gallery has-nested-images columns-default is-cropped fc-auto\">\n<figure class=\"wp-block-image size-full fc-auto\"><img decoding=\"async\" width=\"1920\" height=\"747\" src=\"https:\/\/www.camping-eleovic.com\/wp-content\/uploads\/2023\/10\/campingeleovic.webp\" alt=\"Camping in der Loire-Atlantique\" class=\"wp-image-1397\" srcset=\"https:\/\/www.camping-eleovic.com\/wp-content\/uploads\/2023\/10\/campingeleovic.webp 1920w, https:\/\/www.camping-eleovic.com\/wp-content\/uploads\/2023\/10\/campingeleovic-300x117.webp 300w, https:\/\/www.camping-eleovic.com\/wp-content\/uploads\/2023\/10\/campingeleovic-1024x398.webp 1024w, https:\/\/www.camping-eleovic.com\/wp-content\/uploads\/2023\/10\/campingeleovic-768x299.webp 768w, https:\/\/www.camping-eleovic.com\/wp-content\/uploads\/2023\/10\/campingeleovic-1536x598.webp 1536w\" sizes=\"(max-width: 1920px) 100vw, 1920px\" title=\"\"><\/figure>\n<\/figure>\n\n\n  <div class=\"sc-searchbar wp-block-buttons\">\r\n    <div class=\"wp-block-button btn_resa show-mob\">\r\n      <a class=\"wp-block-button__link wp-element-button\"><span class=\"fc-icon\" style=\"width:30px; height:30px\"><svg xmlns=\"http:\/\/www.w3.org\/2000\/svg\" viewBox=\"0 0 512 512\"><!--! Font Awesome Pro 6.4.0 by @fontawesome - https:\/\/fontawesome.com License - https:\/\/fontawesome.com\/license (Commercial License) Copyright 2023 Fonticons, Inc. --><path d=\"M384 208A176 176 0 1 0 32 208a176 176 0 1 0 352 0zM343.3 366C307 397.2 259.7 416 208 416C93.1 416 0 322.9 0 208S93.1 0 208 0S416 93.1 416 208c0 51.7-18.8 99-50 135.3L507.3 484.7c6.2 6.2 6.2 16.4 0 22.6s-16.4 6.2-22.6 0L343.3 366z\"><\/path><\/svg><\/span> Buche deinen Aufenthalt<\/a>\r\n    <\/div>\r\n  <\/div>\r\n  \n<\/div>\n\n\n\n<section class=\"is-layout-constrained wp-block-group deco--cabane\">\n<h1 class=\"has-text-align-center\">Buchen Sie Ihren Urlaub auf einem Campingplatz an der Atlantikk\u00fcste mit Ihrem Hund.<\/h1>\n\n\n\n<p><strong>Warum sollte man sich zwischen einem Urlaub an einem sch\u00f6nen Ort und einem Urlaub mit seinem Hund entscheiden?<\/strong><br>Auf dem <a href=\"https:\/\/www.camping-eleovic.com\/de\/\">Campingplatz Eleovic in der Loire-Atlantique<\/a> sind Haustiere herzlich willkommen und k\u00f6nnen einen wundersch\u00f6nen Aufenthalt gemeinsam mit ihren Besitzern genie\u00dfen.<\/p>\n\n\n\n<p>Unser Campingplatz liegt in <strong>Pr\u00e9failles<\/strong>, nur <strong>10\u202fkm von Pornic<\/strong> entfernt, auf einem charmanten H\u00fcgel mit Blick auf das Meer.<\/p>\n\n\n\n<p>Befolgen Sie unsere Tipps \u2013 und Sie werden sehen: <strong>Es gibt nichts Einfacheres, als mit dem Hund Campingurlaub an der Atlantikk\u00fcste zu machen!<\/strong><\/p>\n\n\n\n<p class=\"has-text-align-center\"> <\/p>\n\n\n\n<ul class=\"pictos big centre\">\n<li><span class=\"fc-icon\" style=\"width:30px; height:30px\"><svg xmlns=\"http:\/\/www.w3.org\/2000\/svg\" viewBox=\"0 0 576 512\"><!--! Font Awesome Pro 6.4.0 by @fontawesome - https:\/\/fontawesome.com License - https:\/\/fontawesome.com\/license (Commercial License) Copyright 2023 Fonticons, Inc. --><path d=\"M133.8 106.8C150.3 118 171.1 128 192 128s41.6-9.9 58.2-21.2c9.8-6.7 18-14 25.9-21.9c6.6-6.5 17.2-6.5 23.7 0c7.9 7.9 16.2 15.2 26 21.9C342.3 118 363.1 128 384 128s41.6-9.9 58.2-21.2c9.8-6.7 18-14 25.9-21.9c6.6-6.5 17.2-6.5 23.7 0c7.9 7.9 16.2 15.2 26 21.9c12.8 8.7 28.1 16.6 44.1 19.8c7.7 1.5 14.1 7.8 14.1 15.7c0 9.8-8 17.9-17.7 16.2c-23.1-4-43.6-15-58.5-25.2c-7.9-5.4-14.7-10.8-19.8-15.3c-5.1 4.5-11.8 9.9-19.8 15.3C441.5 145.9 414.3 160 384 160s-57.6-14.1-76.2-26.8c-7.9-5.4-14.7-10.8-19.8-15.3c-5.1 4.5-11.8 9.9-19.8 15.3C249.5 145.9 222.3 160 192 160s-57.6-14.1-76.2-26.8c-7.9-5.4-14.6-10.8-19.8-15.3c-5.1 4.5-11.8 9.9-19.8 15.3c-14.9 10.2-35.4 21.2-58.5 25.2C8 160.1 0 152 0 142.2c0-7.9 6.4-14.1 14.1-15.7c15.9-3.1 31.3-11.1 44-19.8c9.8-6.7 18-14 25.9-21.9c6.6-6.5 17.2-6.6 23.8 0c7.9 7.9 16.2 15.2 25.9 21.9zm0 288C150.3 406 171.1 416 192 416s41.6-9.9 58.2-21.2c9.8-6.7 18-14 25.9-21.9c6.6-6.5 17.2-6.5 23.7 0c7.9 7.9 16.2 15.2 26 21.9C342.3 406 363.1 416 384 416s41.6-9.9 58.2-21.2c9.8-6.7 18-14 25.9-21.9c6.6-6.5 17.2-6.6 23.7 0c7.9 7.9 16.2 15.2 26 21.9c12.8 8.7 28.1 16.6 44.1 19.8c7.7 1.5 14.1 7.8 14.1 15.7c0 9.8-8 17.9-17.7 16.2c-23.1-4-43.6-15-58.5-25.2c-7.9-5.4-14.7-10.8-19.8-15.3c-5.1 4.5-11.8 9.9-19.8 15.3C441.5 433.9 414.3 448 384 448s-57.6-14.1-76.2-26.8c-7.9-5.4-14.7-10.8-19.8-15.3c-5.1 4.5-11.8 9.9-19.8 15.3C249.5 433.9 222.3 448 192 448s-57.6-14.1-76.2-26.8c-7.9-5.4-14.6-10.8-19.8-15.3c-5.1 4.5-11.8 9.9-19.8 15.3c-14.9 10.2-35.4 21.2-58.5 25.2C8 448.1 0 440 0 430.2c0-7.9 6.4-14.1 14.1-15.7c15.9-3.1 31.3-11.1 44-19.8c9.8-6.7 18-14 25.9-21.9c6.6-6.5 17.2-6.6 23.8 0c7.9 7.9 16.2 15.2 25.9 21.9zM192 272c20.9 0 41.6-9.9 58.2-21.2c9.8-6.7 18-14 25.9-21.9c6.6-6.5 17.2-6.5 23.7 0c7.9 7.9 16.2 15.2 26 21.9C342.3 262 363.1 272 384 272s41.6-9.9 58.2-21.2c9.8-6.7 18-14 25.9-21.9c6.6-6.5 17.2-6.5 23.7 0c7.9 7.9 16.2 15.2 26 21.9c12.8 8.7 28.1 16.6 44.1 19.8c7.7 1.5 14.1 7.8 14.1 15.7c0 9.8-8 17.9-17.7 16.2c-23.1-4-43.6-15-58.5-25.2c-7.9-5.4-14.7-10.8-19.8-15.3c-5.1 4.5-11.8 9.9-19.8 15.3C441.5 289.9 414.3 304 384 304s-57.6-14.1-76.2-26.8c-7.9-5.4-14.7-10.8-19.8-15.3c-5.1 4.5-11.8 9.9-19.8 15.3C249.5 289.9 222.3 304 192 304s-57.6-14.1-76.2-26.8c-7.9-5.4-14.6-10.8-19.8-15.3c-5.1 4.5-11.8 9.9-19.8 15.3c-14.9 10.2-35.4 21.2-58.5 25.2C8 304.1 0 296 0 286.2c0-7.9 6.4-14.1 14.1-15.7c15.9-3.1 31.3-11.1 44-19.8c9.8-6.7 18-14 25.9-21.9c6.6-6.5 17.2-6.6 23.8 0c7.9 7.9 16.2 15.2 25.9 21.9C150.3 262 171.1 272 192 272z\"\/><\/svg><\/span> Blick und Zugang zum Meer<\/li>\n\n\n\n<li><span class=\"fc-icon\" style=\"width:30px; height:30px\"><svg xmlns=\"http:\/\/www.w3.org\/2000\/svg\" viewBox=\"0 0 384 512\"><!--! Font Awesome Pro 6.4.0 by @fontawesome - https:\/\/fontawesome.com License - https:\/\/fontawesome.com\/license (Commercial License) Copyright 2023 Fonticons, Inc. --><path d=\"M352 192c0-88.4-71.6-160-160-160S32 103.6 32 192c0 15.6 5.4 37 16.6 63.4c10.9 25.9 26.2 54 43.6 82.1c34.1 55.3 74.4 108.2 99.9 140c25.4-31.8 65.8-84.7 99.9-140c17.3-28.1 32.7-56.3 43.6-82.1C346.6 229 352 207.6 352 192zm32 0c0 87.4-117 243-168.3 307.2c-12.3 15.3-35.1 15.3-47.4 0C117 435 0 279.4 0 192C0 86 86 0 192 0S384 86 384 192zm-240 0a48 48 0 1 0 96 0 48 48 0 1 0 -96 0zm48 80a80 80 0 1 1 0-160 80 80 0 1 1 0 160z\"\/><\/svg><\/span> Pr\u00e9failles<\/li>\n\n\n\n<li><span class=\"fc-icon\" style=\"width:30px; height:30px\"><svg xmlns=\"http:\/\/www.w3.org\/2000\/svg\" viewBox=\"0 0 576 512\"><!--! Font Awesome Pro 6.4.0 by @fontawesome - https:\/\/fontawesome.com License - https:\/\/fontawesome.com\/license (Commercial License) Copyright 2023 Fonticons, Inc. --><path d=\"M322.9 349.5c8.2 6 13.1 15.6 13.1 25.8V456c0 13.3 10.7 24 24 24h16c13.3 0 24-10.7 24-24V261.9l-.1 0L307.6 208c-.3 0-.7 0-1 0H160 136 96V456c0 13.3 10.7 24 24 24h16c13.3 0 24-10.7 24-24V375.3c0-10.2 4.9-19.8 13.1-25.8s18.9-7.8 28.6-4.6c14.5 4.6 30.1 7.2 46.3 7.2s31.7-2.5 46.3-7.2c9.7-3.1 20.4-1.4 28.6 4.6zm82.9-130.7c2.6-15.4 15.9-26.7 31.6-26.7H480c35.3 0 64-28.7 64-64V112c0-8.8-7.2-16-16-16H496c-8.5 0-16.6-3.4-22.6-9.4L455.4 68.7c-3-3-7.1-4.7-11.3-4.7H400c-10.1 0-19.6-4.7-25.6-12.8L362.5 35.4 338.2 181.3c-.4 2.3-1 4.4-1.8 6.5l67.9 39.6 1.4-8.6zM45.6 159.3C54.5 169.7 67.6 176 82 176H96h40 24H306.7L331.9 24.8C334.2 10.5 346.6 0 361.2 0c9.3 0 18.1 4.4 23.8 11.9L400 32h44.1c12.7 0 24.9 5.1 33.9 14.1L496 64h32c26.5 0 48 21.5 48 48v16c0 53-43 96-96 96H437.3L432 256V456c0 30.9-25.1 56-56 56H360c-30.9 0-56-25.1-56-56V408.7 375.3c-10.3 3.3-21 5.7-32 7.1c-7.9 1-15.9 1.6-24 1.6s-16.1-.5-24-1.6c-11-1.4-21.7-3.8-32-7.1v33.3V456c0 30.9-25.1 56-56 56H120c-30.9 0-56-25.1-56-56V208c0-.7 0-1.4 .1-2c-.7-.2-1.4-.3-2.1-.5c-27.9-7.2-50.3-29.1-57.6-58.1L.5 131.9c-2.1-8.6 3.1-17.3 11.6-19.4s17.3 3.1 19.4 11.6l3.9 15.5c.3 1.4 .8 2.7 1.2 4.1c2 5.8 5.1 11.1 9 15.6zM432 96a16 16 0 1 1 0 32 16 16 0 1 1 0-32z\"\/><\/svg><\/span> Hunde erlaubt<\/li>\n<\/ul>\n<\/section>\n\n\n\n<div class=\"is-layout-flex wp-container-6 wp-block-columns alignfull\">\n<div class=\"is-layout-flow wp-block-column\">\n<h2>Was k\u00f6nnen Sie mit Ihrem Hund an der Atlantikk\u00fcste in der N\u00e4he des Campingplatzes unternehmen?<\/h2>\n\n\n\n<p>Unser <strong>hundefreundlicher Campingplatz<\/strong> liegt in der N\u00e4he des einzigen Strandes in der Loire-Atlantique, an dem Hunde das ganze Jahr \u00fcber erlaubt sind. Sie k\u00f6nnen auch die umliegende Landschaft genie\u00dfen und mit Ihrem Hund im Wald und auf den K\u00fcstenwegen spazieren gehen. <\/p>\n\n\n\n<p>Hier sind einige Ideen f\u00fcr <strong>Aktivit\u00e4ten an der Atlantikk\u00fcste, die Sie mit Ihrem Haustier<\/strong> unternehmen k\u00f6nnen:<\/p>\n<\/div>\n<\/div>\n\n\n\n<div class=\"is-layout-flex wp-container-11 wp-block-columns\">\n<div class=\"is-layout-flow wp-block-column is-vertically-aligned-center deco--family\">\n<div class=\"is-layout-flex wp-container-9 wp-block-columns\">\n<div class=\"is-layout-flow wp-block-column\">\n<figure class=\"wp-block-image size-full fc-auto\"><img decoding=\"async\" width=\"900\" height=\"600\" src=\"https:\/\/www.camping-eleovic.com\/wp-content\/uploads\/2025\/07\/ADO-activites-chiens.jpg\" alt=\"\" class=\"wp-image-2559\" srcset=\"https:\/\/www.camping-eleovic.com\/wp-content\/uploads\/2025\/07\/ADO-activites-chiens.jpg 900w, https:\/\/www.camping-eleovic.com\/wp-content\/uploads\/2025\/07\/ADO-activites-chiens-300x200.jpg 300w, https:\/\/www.camping-eleovic.com\/wp-content\/uploads\/2025\/07\/ADO-activites-chiens-768x512.jpg 768w\" sizes=\"(max-width: 900px) 100vw, 900px\" title=\"\"><\/figure>\n\n\n\n<h3>An den Strand gehen<\/h3>\n\n\n\n<p>Unser <strong>Campingplatz verf\u00fcgt \u00fcber einen direkten Zugang zum Strand von La Raize<\/strong>. Wie an den anderen Str\u00e4nden von Pr\u00e9failles sind Hunde dort au\u00dferhalb des Zeitraums vom 1. Juni bis zum 15. September erlaubt. W\u00e4hrend der Sommersaison ist in der Loire-Atlantique nur ein einziger Strandabschnitt f\u00fcr Hunde zug\u00e4nglich: der Abschnitt zwischen dem Strand von Lancastria und der Dune du Collet in Les Moutiers-en-Retz (25 km von unserem Campingplatz entfernt). Hunde d\u00fcrfen dort frei laufen, wenn sie gut auf Zurufe reagieren.   <\/p>\n<\/div>\n\n\n\n<div class=\"is-layout-flow wp-block-column\">\n<h3>Wandern mit Ihrem Hund<\/h3>\n\n\n\n<p>Wir befinden uns am Rande von Wanderwegen und bieten Ihnen zahlreiche M\u00f6glichkeiten, mit Ihrem treuen Begleiter spazieren zu gehen. Auf dem K\u00fcstenweg von Pr\u00e9failles sind Hunde an der Leine erlaubt, ideal f\u00fcr einen Spaziergang bis zur Pointe Saint-Gildas. Das Gleiche gilt f\u00fcr die Dune du Collet in der N\u00e4he der Fischereien. Beachten Sie auch den Bois Roy in Saint-Michel-Chef-Chef, wo Hunde an der Leine gef\u00fchrt werden d\u00fcrfen.   <\/p>\n\n\n\n<h3>Machen Sie einen Ausflug mit Ihrem Hund<\/h3>\n\n\n\n<p>Auch Ihr Haustier kann die Landschaft genie\u00dfen, w\u00e4hrend es sich ausruht! Es gibt Fahrradverleiher, die Anh\u00e4nger f\u00fcr Hunde anbieten, zum Beispiel Pref&#8217;Ride in Pr\u00e9failles, 1 km von unserem Campingplatz entfernt. Der Radweg V\u00e9loc\u00e9an befindet sich in unmittelbarer N\u00e4he, ebenso wie andere ausgebaute Radwege. So k\u00f6nnen Sie ganz einfach eine gro\u00dfe Radtour unternehmen, an der auch Ihr Hund ohne Einschr\u00e4nkungen teilhaben kann.   <\/p>\n\n\n\n<h3>Mit Ihrem Haustier auf dem Wasser segeln<\/h3>\n\n\n\n<p>Ihr Hund kann Sie auf einem Ausflug entlang der K\u00fcste von Jade mit den Booten von L&#8217;\u00c9vasion in Pornic begleiten. Dieses Unternehmen bietet auch Verbindungen zwischen Pornic und Noirmoutier an, auf denen Hunde mitgenommen werden d\u00fcrfen. Im Landesinneren k\u00f6nnen Sie sich gerne an Escapade Nature in Port-Saint-P\u00e8re wenden, wo Ihr Hund an einer Fahrt mit dem Tretboot, Elektroboot oder Kanu-Kajak teilnehmen kann.  <\/p>\n<\/div>\n<\/div>\n<\/div>\n<\/div>\n\n\n\n<div class=\"is-layout-flex wp-container-16 wp-block-columns alignfull E-10 deco--brush-top has-beige-background-color has-background\">\n<div class=\"is-layout-flow wp-block-column deco--bamboo\">\n<figure class=\"is-layout-flex wp-block-gallery-12 wp-block-gallery has-nested-images columns-default is-cropped fc-diapo fc-full\">\n<figure class=\"wp-block-image size-large fc-auto\"><img decoding=\"async\" width=\"861\" height=\"1024\" src=\"https:\/\/www.camping-eleovic.com\/wp-content\/uploads\/2025\/10\/IMG_09451-861x1024.jpg\" alt=\"\" class=\"wp-image-2815\" srcset=\"https:\/\/www.camping-eleovic.com\/wp-content\/uploads\/2025\/10\/IMG_09451-861x1024.jpg 861w, https:\/\/www.camping-eleovic.com\/wp-content\/uploads\/2025\/10\/IMG_09451-252x300.jpg 252w, https:\/\/www.camping-eleovic.com\/wp-content\/uploads\/2025\/10\/IMG_09451-768x914.jpg 768w, https:\/\/www.camping-eleovic.com\/wp-content\/uploads\/2025\/10\/IMG_09451-1291x1536.jpg 1291w, https:\/\/www.camping-eleovic.com\/wp-content\/uploads\/2025\/10\/IMG_09451-1721x2048.jpg 1721w\" sizes=\"(max-width: 861px) 100vw, 861px\" title=\"\"><\/figure>\n\n\n\n<figure class=\"wp-block-image size-large fc-auto\"><img decoding=\"async\" width=\"1024\" height=\"768\" src=\"https:\/\/www.camping-eleovic.com\/wp-content\/uploads\/2023\/08\/20230809_144346-1024x768.jpg\" alt=\"\" class=\"wp-image-306\" srcset=\"https:\/\/www.camping-eleovic.com\/wp-content\/uploads\/2023\/08\/20230809_144346-1024x768.jpg 1024w, https:\/\/www.camping-eleovic.com\/wp-content\/uploads\/2023\/08\/20230809_144346-300x225.jpg 300w, https:\/\/www.camping-eleovic.com\/wp-content\/uploads\/2023\/08\/20230809_144346-768x576.jpg 768w, https:\/\/www.camping-eleovic.com\/wp-content\/uploads\/2023\/08\/20230809_144346-1536x1152.jpg 1536w, https:\/\/www.camping-eleovic.com\/wp-content\/uploads\/2023\/08\/20230809_144346.jpg 2000w\" sizes=\"(max-width: 1024px) 100vw, 1024px\" title=\"\"><\/figure>\n\n\n\n<figure class=\"wp-block-image size-large fc-auto\"><img decoding=\"async\" width=\"1024\" height=\"768\" src=\"https:\/\/www.camping-eleovic.com\/wp-content\/uploads\/2023\/08\/balancoire2-1024x768-1.jpg\" alt=\"\" class=\"wp-image-330\" srcset=\"https:\/\/www.camping-eleovic.com\/wp-content\/uploads\/2023\/08\/balancoire2-1024x768-1.jpg 1024w, https:\/\/www.camping-eleovic.com\/wp-content\/uploads\/2023\/08\/balancoire2-1024x768-1-300x225.jpg 300w, https:\/\/www.camping-eleovic.com\/wp-content\/uploads\/2023\/08\/balancoire2-1024x768-1-768x576.jpg 768w\" sizes=\"(max-width: 1024px) 100vw, 1024px\" title=\"\"><\/figure>\n\n\n\n<figure class=\"wp-block-image size-large fc-auto\"><img decoding=\"async\" width=\"1024\" height=\"700\" src=\"https:\/\/www.camping-eleovic.com\/wp-content\/uploads\/2023\/08\/animation-danse-1024x700-1.jpg\" alt=\"\" class=\"wp-image-312\" srcset=\"https:\/\/www.camping-eleovic.com\/wp-content\/uploads\/2023\/08\/animation-danse-1024x700-1.jpg 1024w, https:\/\/www.camping-eleovic.com\/wp-content\/uploads\/2023\/08\/animation-danse-1024x700-1-300x205.jpg 300w, https:\/\/www.camping-eleovic.com\/wp-content\/uploads\/2023\/08\/animation-danse-1024x700-1-768x525.jpg 768w\" sizes=\"(max-width: 1024px) 100vw, 1024px\" title=\"\"><\/figure>\n\n\n\n<figure class=\"wp-block-image size-large fc-auto\"><img decoding=\"async\" width=\"1024\" height=\"473\" src=\"https:\/\/www.camping-eleovic.com\/wp-content\/uploads\/2023\/08\/20230724_115321-Copie-1024x473.jpg\" alt=\"\" class=\"wp-image-303\" srcset=\"https:\/\/www.camping-eleovic.com\/wp-content\/uploads\/2023\/08\/20230724_115321-Copie-1024x473.jpg 1024w, https:\/\/www.camping-eleovic.com\/wp-content\/uploads\/2023\/08\/20230724_115321-Copie-300x139.jpg 300w, https:\/\/www.camping-eleovic.com\/wp-content\/uploads\/2023\/08\/20230724_115321-Copie-768x355.jpg 768w, https:\/\/www.camping-eleovic.com\/wp-content\/uploads\/2023\/08\/20230724_115321-Copie-1536x710.jpg 1536w, https:\/\/www.camping-eleovic.com\/wp-content\/uploads\/2023\/08\/20230724_115321-Copie-2048x946.jpg 2048w\" sizes=\"(max-width: 1024px) 100vw, 1024px\" title=\"\"><\/figure>\n\n\n\n<figure class=\"wp-block-image size-large fc-auto\"><img decoding=\"async\" width=\"1024\" height=\"700\" src=\"https:\/\/www.camping-eleovic.com\/wp-content\/uploads\/2023\/08\/seance-sport-1024x700-1.jpg\" alt=\"\" class=\"wp-image-318\" srcset=\"https:\/\/www.camping-eleovic.com\/wp-content\/uploads\/2023\/08\/seance-sport-1024x700-1.jpg 1024w, https:\/\/www.camping-eleovic.com\/wp-content\/uploads\/2023\/08\/seance-sport-1024x700-1-300x205.jpg 300w, https:\/\/www.camping-eleovic.com\/wp-content\/uploads\/2023\/08\/seance-sport-1024x700-1-768x525.jpg 768w\" sizes=\"(max-width: 1024px) 100vw, 1024px\" title=\"\"><\/figure>\n<\/figure>\n<\/div>\n\n\n\n<div class=\"is-layout-flow wp-block-column E-10__right\">\n<h2>Unsere praktischen Tipps f\u00fcr einen gelungenen Aufenthalt mit Ihrem Hund<\/h2>\n\n\n\n<p>F\u00fcr einen unbeschwerten <strong>Campingurlaub mit Ihrem Hund an der Atlantikk\u00fcste<\/strong> sollten Sie einige n\u00fctzliche Vorsichtsma\u00dfnahmen beachten:<\/p>\n\n\n\n<ul>\n<li>Zuerst m\u00fcssen Sie die Sachen Ihres Hundes vorbereiten! Ihr Hund muss n\u00e4mlich mit einem aktuellen Impfpass reisen und zwingend gekennzeichnet sein. <\/li>\n\n\n\n<li>Denken Sie auch daran, eine Halskette mit einem Medaillon mit Ihren Kontaktdaten, eine Leine und alles Notwendige f\u00fcr den t\u00e4glichen Komfort Ihres Haustieres mitzunehmen.<\/li>\n\n\n\n<li>Nehmen Sie auf Ihren Spazierg\u00e4ngen Kotbeutel mit, denken Sie also daran, diese mitzunehmen.<\/li>\n\n\n\n<li>Um die Ruhe aller zu gew\u00e4hrleisten, m\u00fcssen Sie Ihren Hund auf dem Campingplatz an der Leine f\u00fchren. Bitte beachten Sie auch, dass Tiere unter keinen Umst\u00e4nden allein auf den Stellpl\u00e4tzen und in den Mietunterk\u00fcnften zur\u00fcckgelassen werden d\u00fcrfen. <\/li>\n<\/ul>\n\n\n\n<p>Auf dem Campingplatz ist je nach Unterkunft ein Haustier pro Mietobjekt erlaubt, ausgenommen Hunde der Kategorien 1 und 2. Ihr Haustier darf maximal 10 kg wiegen, egal ob Hund oder Katze.<\/p>\n\n\n\n<p>Haben Sie Fragen? Z\u00f6gern Sie nicht, den Campingplatz zu kontaktieren, wir geben Ihnen gerne alle notwendigen Informationen. Sie erreichen uns telefonisch unter <a href=\"tel:+33240216160\">+33 (0)2 40 21 61 60<\/a> und per E-Mail unter <a href=\"mailto:contact@camping-eleovic.com\">contact@camping-eleovic.com<\/a>.  <\/p>\n<\/div>\n<\/div>\n","protected":false},"excerpt":{"rendered":"<p>Buchen Sie Ihren Urlaub auf einem Campingplatz an der Atlantikk\u00fcste mit Ihrem Hund. Warum sollte man sich zwischen einem Urlaub an einem sch\u00f6nen Ort und einem Urlaub mit seinem Hund entscheiden?Auf dem Campingplatz Eleovic in der Loire-Atlantique sind Haustiere herzlich willkommen und k\u00f6nnen einen wundersch\u00f6nen Aufenthalt gemeinsam mit ihren Besitzern genie\u00dfen. Unser Campingplatz liegt in [&hellip;]<\/p>\n","protected":false},"author":1,"featured_media":0,"parent":0,"menu_order":0,"comment_status":"closed","ping_status":"closed","template":"","meta":[],"acf":[],"_links":{"self":[{"href":"https:\/\/www.camping-eleovic.com\/de\/wp-json\/wp\/v2\/pages\/2571"}],"collection":[{"href":"https:\/\/www.camping-eleovic.com\/de\/wp-json\/wp\/v2\/pages"}],"about":[{"href":"https:\/\/www.camping-eleovic.com\/de\/wp-json\/wp\/v2\/types\/page"}],"author":[{"embeddable":true,"href":"https:\/\/www.camping-eleovic.com\/de\/wp-json\/wp\/v2\/users\/1"}],"replies":[{"embeddable":true,"href":"https:\/\/www.camping-eleovic.com\/de\/wp-json\/wp\/v2\/comments?post=2571"}],"version-history":[{"count":5,"href":"https:\/\/www.camping-eleovic.com\/de\/wp-json\/wp\/v2\/pages\/2571\/revisions"}],"predecessor-version":[{"id":2866,"href":"https:\/\/www.camping-eleovic.com\/de\/wp-json\/wp\/v2\/pages\/2571\/revisions\/2866"}],"wp:attachment":[{"href":"https:\/\/www.camping-eleovic.com\/de\/wp-json\/wp\/v2\/media?parent=2571"}],"curies":[{"name":"wp","href":"https:\/\/api.w.org\/{rel}","templated":true}]}}