{"id":2118,"date":"2024-10-10T12:13:19","date_gmt":"2024-10-10T10:13:19","guid":{"rendered":"https:\/\/www.camping-eleovic.com\/?page_id=2118"},"modified":"2025-08-08T15:53:52","modified_gmt":"2025-08-08T13:53:52","slug":"campingplatz-saint-nazaire","status":"publish","type":"page","link":"https:\/\/www.camping-eleovic.com\/de\/campingplatz-saint-nazaire\/","title":{"rendered":"Campingplatz in der N\u00e4he von Saint-Nazaire &#8211; Urlaub am Meer auf dem Campingplatz \u00c9l\u00e9ovic"},"content":{"rendered":"\n<div class=\"wp-block-cover alignfull\"><span aria-hidden=\"true\" class=\"wp-block-cover__background has-background-dim\"><\/span><img decoding=\"async\" width=\"1920\" height=\"747\" class=\"wp-block-cover__image-background wp-image-700\" alt=\"campingplatz saint nazaire\" src=\"https:\/\/www.camping-eleovic.com\/wp-content\/uploads\/2023\/08\/sans-titre-6-1920x900-2.jpg\" style=\"object-position:55% 0%\" data-object-fit=\"cover\" data-object-position=\"55% 0%\" srcset=\"https:\/\/www.camping-eleovic.com\/wp-content\/uploads\/2023\/08\/sans-titre-6-1920x900-2.jpg 1920w, https:\/\/www.camping-eleovic.com\/wp-content\/uploads\/2023\/08\/sans-titre-6-1920x900-2-300x117.jpg 300w, https:\/\/www.camping-eleovic.com\/wp-content\/uploads\/2023\/08\/sans-titre-6-1920x900-2-1024x398.jpg 1024w, https:\/\/www.camping-eleovic.com\/wp-content\/uploads\/2023\/08\/sans-titre-6-1920x900-2-768x299.jpg 768w, https:\/\/www.camping-eleovic.com\/wp-content\/uploads\/2023\/08\/sans-titre-6-1920x900-2-1536x598.jpg 1536w\" sizes=\"(max-width: 1920px) 100vw, 1920px\" title=\"\"><div class=\"wp-block-cover__inner-container\">\n<p class=\"has-text-align-center\"><\/p>\n<\/div><\/div>\n\n\n\n<div class=\"is-layout-constrained wp-block-group\">  <div class=\"sc-searchbar wp-block-buttons\">\r\n    <div class=\"wp-block-button btn_resa show-mob\">\r\n      <a class=\"wp-block-button__link wp-element-button\"><span class=\"fc-icon\" style=\"width:30px; height:30px\"><svg xmlns=\"http:\/\/www.w3.org\/2000\/svg\" viewBox=\"0 0 512 512\"><!--! Font Awesome Pro 6.4.0 by @fontawesome - https:\/\/fontawesome.com License - https:\/\/fontawesome.com\/license (Commercial License) Copyright 2023 Fonticons, Inc. --><path d=\"M384 208A176 176 0 1 0 32 208a176 176 0 1 0 352 0zM343.3 366C307 397.2 259.7 416 208 416C93.1 416 0 322.9 0 208S93.1 0 208 0S416 93.1 416 208c0 51.7-18.8 99-50 135.3L507.3 484.7c6.2 6.2 6.2 16.4 0 22.6s-16.4 6.2-22.6 0L343.3 366z\"><\/path><\/svg><\/span> Buche deinen Aufenthalt<\/a>\r\n    <\/div>\r\n  <\/div>\r\n  \n<\/div>\n\n\n\n<div class=\"is-layout-flex wp-container-4 wp-block-columns\">\n<div class=\"is-layout-flow wp-block-column\">\n<div class=\"is-layout-constrained wp-block-group\">\n<h1 class=\"has-text-align-center\"><span class=\"fc-span\">Campingplatz in der N\u00e4he von Saint-Nazaire<\/span> &#8211; Urlaub am Meer auf dem Campingplatz \u00c9l\u00e9ovic<\/h1>\n\n\n\n<p class=\"has-text-align-center\">Sind Sie auf der Suche nach einem <strong>Campingplatz in der N\u00e4he von Saint-Nazaire<\/strong>, der Komfort, eine famili\u00e4re Atmosph\u00e4re und einen herrlichen Blick auf das Meer bietet? Der <a href=\"https:\/\/www.camping-eleovic.com\/de\/\">Campingplatz \u00c9l\u00e9ovic empf\u00e4ngt Sie in Pr\u00e9failles<\/a>, nur <strong>29 km oder 40 Autominuten von Saint-Nazaire<\/strong> entfernt, f\u00fcr einen Traumurlaub an der Atlantikk\u00fcste. Mit seinen modernen Einrichtungen ist dieser 4-Sterne-Campingplatz im Departement Loire-Atlantique der ideale Ort, um das Meer zu genie\u00dfen, Freizeitaktivit\u00e4ten zu unternehmen und Zeit mit der Familie zu verbringen. Erfahren Sie, warum \u00c9l\u00e9ovic der perfekte Campingplatz f\u00fcr einen <strong>Urlaub am Meer in der N\u00e4he von Saint-Nazaire<\/strong> ist.<\/p>\n<\/div>\n<\/div>\n<\/div>\n\n\n\n<div class=\"is-layout-flex wp-container-10 wp-block-columns alignfull E-10 deco--brush-top has-beige-background-color has-background\">\n<div class=\"is-layout-flow wp-block-column deco--bamboo\">\n<figure class=\"is-layout-flex wp-block-gallery-5 wp-block-gallery has-nested-images columns-default is-cropped fc-diapo fc-full\">\n<figure class=\"wp-block-image size-large fc-auto\"><img decoding=\"async\" width=\"1024\" height=\"768\" src=\"https:\/\/www.camping-eleovic.com\/wp-content\/uploads\/2023\/08\/00000997083-1024x768.webp\" alt=\"vermietung mobilheim saint nazaire\" class=\"wp-image-633\" srcset=\"https:\/\/www.camping-eleovic.com\/wp-content\/uploads\/2023\/08\/00000997083-1024x768.webp 1024w, https:\/\/www.camping-eleovic.com\/wp-content\/uploads\/2023\/08\/00000997083-300x225.webp 300w, https:\/\/www.camping-eleovic.com\/wp-content\/uploads\/2023\/08\/00000997083-768x576.webp 768w, https:\/\/www.camping-eleovic.com\/wp-content\/uploads\/2023\/08\/00000997083.webp 1176w\" sizes=\"(max-width: 1024px) 100vw, 1024px\" title=\"\"><\/figure>\n\n\n\n<figure class=\"wp-block-image size-large fc-auto\"><img decoding=\"async\" width=\"760\" height=\"520\" src=\"https:\/\/www.camping-eleovic.com\/wp-content\/uploads\/2023\/08\/20160401_171548-1-760x520-1.jpg\" alt=\"\" class=\"wp-image-610\" srcset=\"https:\/\/www.camping-eleovic.com\/wp-content\/uploads\/2023\/08\/20160401_171548-1-760x520-1.jpg 760w, https:\/\/www.camping-eleovic.com\/wp-content\/uploads\/2023\/08\/20160401_171548-1-760x520-1-300x205.jpg 300w\" sizes=\"(max-width: 760px) 100vw, 760px\" title=\"\"><\/figure>\n\n\n\n<figure class=\"wp-block-image size-large fc-auto\"><img decoding=\"async\" width=\"1024\" height=\"683\" src=\"https:\/\/www.camping-eleovic.com\/wp-content\/uploads\/2023\/08\/mobil-homes-1024x683-2.jpg\" alt=\"\" class=\"wp-image-412\" srcset=\"https:\/\/www.camping-eleovic.com\/wp-content\/uploads\/2023\/08\/mobil-homes-1024x683-2.jpg 1024w, https:\/\/www.camping-eleovic.com\/wp-content\/uploads\/2023\/08\/mobil-homes-1024x683-2-300x200.jpg 300w, https:\/\/www.camping-eleovic.com\/wp-content\/uploads\/2023\/08\/mobil-homes-1024x683-2-768x512.jpg 768w\" sizes=\"(max-width: 1024px) 100vw, 1024px\" title=\"\"><\/figure>\n\n\n\n<figure class=\"wp-block-image size-large fc-auto\"><img decoding=\"async\" width=\"1024\" height=\"701\" src=\"https:\/\/www.camping-eleovic.com\/wp-content\/uploads\/2023\/08\/tente-lodge-vue-mer-1024x701-1.jpg\" alt=\"\" class=\"wp-image-283\" srcset=\"https:\/\/www.camping-eleovic.com\/wp-content\/uploads\/2023\/08\/tente-lodge-vue-mer-1024x701-1.jpg 1024w, https:\/\/www.camping-eleovic.com\/wp-content\/uploads\/2023\/08\/tente-lodge-vue-mer-1024x701-1-300x205.jpg 300w, https:\/\/www.camping-eleovic.com\/wp-content\/uploads\/2023\/08\/tente-lodge-vue-mer-1024x701-1-768x526.jpg 768w\" sizes=\"(max-width: 1024px) 100vw, 1024px\" title=\"\"><\/figure>\n\n\n\n<figure class=\"wp-block-image size-large fc-auto\"><img decoding=\"async\" width=\"1024\" height=\"683\" src=\"https:\/\/www.camping-eleovic.com\/wp-content\/uploads\/2023\/08\/emplacement_vue_mer-1024x683-1.jpg\" alt=\"Campingplatz Saint-Nazaire\" class=\"wp-image-434\" srcset=\"https:\/\/www.camping-eleovic.com\/wp-content\/uploads\/2023\/08\/emplacement_vue_mer-1024x683-1.jpg 1024w, https:\/\/www.camping-eleovic.com\/wp-content\/uploads\/2023\/08\/emplacement_vue_mer-1024x683-1-300x200.jpg 300w, https:\/\/www.camping-eleovic.com\/wp-content\/uploads\/2023\/08\/emplacement_vue_mer-1024x683-1-768x512.jpg 768w\" sizes=\"(max-width: 1024px) 100vw, 1024px\" title=\"\"><\/figure>\n\n\n\n<figure class=\"wp-block-image size-large fc-auto\"><img decoding=\"async\" width=\"1024\" height=\"683\" src=\"https:\/\/www.camping-eleovic.com\/wp-content\/uploads\/2023\/08\/emplacements_ombrage-1024x683-1.jpg\" alt=\"\" class=\"wp-image-430\" srcset=\"https:\/\/www.camping-eleovic.com\/wp-content\/uploads\/2023\/08\/emplacements_ombrage-1024x683-1.jpg 1024w, https:\/\/www.camping-eleovic.com\/wp-content\/uploads\/2023\/08\/emplacements_ombrage-1024x683-1-300x200.jpg 300w, https:\/\/www.camping-eleovic.com\/wp-content\/uploads\/2023\/08\/emplacements_ombrage-1024x683-1-768x512.jpg 768w\" sizes=\"(max-width: 1024px) 100vw, 1024px\" title=\"\"><\/figure>\n\n\n\n<figure class=\"wp-block-image size-large fc-auto\"><img decoding=\"async\" width=\"1024\" height=\"576\" src=\"https:\/\/www.camping-eleovic.com\/wp-content\/uploads\/2023\/08\/EMPL-C-CAR2-1024x576.jpg\" alt=\"Campingplatz mit Meerblick in Saint-Nazaire\" class=\"wp-image-394\" srcset=\"https:\/\/www.camping-eleovic.com\/wp-content\/uploads\/2023\/08\/EMPL-C-CAR2-1024x576.jpg 1024w, https:\/\/www.camping-eleovic.com\/wp-content\/uploads\/2023\/08\/EMPL-C-CAR2-300x169.jpg 300w, https:\/\/www.camping-eleovic.com\/wp-content\/uploads\/2023\/08\/EMPL-C-CAR2-768x432.jpg 768w, https:\/\/www.camping-eleovic.com\/wp-content\/uploads\/2023\/08\/EMPL-C-CAR2-1536x864.jpg 1536w, https:\/\/www.camping-eleovic.com\/wp-content\/uploads\/2023\/08\/EMPL-C-CAR2.jpg 1920w\" sizes=\"(max-width: 1024px) 100vw, 1024px\" title=\"\"><\/figure>\n<\/figure>\n<\/div>\n\n\n\n<div class=\"is-layout-flow wp-block-column E-10__right\">\n<h2><span class=\"fc-span\">Ein 4-Sterne-Campingplatz am Meer<\/span> in der N\u00e4he von Saint-Nazaire<\/h2>\n\n\n\n<p>Der Campingplatz \u00c9l\u00e9ovic befindet sich in dem h\u00fcbschen Badeort Pr\u00e9failles und bietet einen atemberaubenden Blick auf den Atlantik. Ob Sie sich f\u00fcr einen <a href=\"https:\/\/www.camping-eleovic.com\/de\/stellplatze-camping-atlantikkuste\/\">ger\u00e4umigen Stellplatz<\/a> f\u00fcr ein Zelt oder ein Wohnmobil oder f\u00fcr eines der <strong>modernen und komplett ausgestatteten Mobilheime<\/strong> entscheiden, jeder Aufenthalt garantiert Ihnen Komfort und Entspannung mit Blick auf das Meer. Das <a href=\"https:\/\/www.camping-eleovic.com\/de\/camping-mit-pool-frankreich\/\">beheizte Hallenbad<\/a>, das zu jeder Jahreszeit f\u00fcr ein angenehmes Badevergn\u00fcgen sorgt, verleiht Ihrem Aufenthalt einen Hauch von Wohlbefinden.<\/p>\n\n\n\n<p>Dieser <strong>Campingplatz in der N\u00e4he von Saint-Nazaire<\/strong> bietet eine gro\u00dfe Auswahl an Aktivit\u00e4ten f\u00fcr alle Altersgruppen. Sportbegeisterte k\u00f6nnen sich zu Volleyballmatches, Boule-Spielen oder Tischtennis treffen. Am Abend k\u00f6nnen Sie sich von der geselligen Atmosph\u00e4re der <strong>Themenabende<\/strong> mitrei\u00dfen lassen <strong>:<\/strong> Tanzabende, Karaoke oder organisierte Shows f\u00fcr die ganze Familie. Die Kinder profitieren au\u00dferdem vom Spielplatz und den Animationsprogrammen, w\u00e4hrend die Erwachsenen auf der Sonnenterrasse entspannen.<\/p>\n\n\n\n<div class=\"is-content-justification-left is-layout-flex wp-container-8 wp-block-buttons\">\n<div class=\"wp-block-button\"><a class=\"wp-block-button__link wp-element-button\" href=\"https:\/\/www.camping-eleovic.com\/de\/mobilheim-frankreich-atlantikkuste\/\"><span class=\"fc-icon\" style=\"width:30px; height:30px\"><svg xmlns=\"http:\/\/www.w3.org\/2000\/svg\" viewBox=\"0 0 640 512\"><!--! Font Awesome Pro 6.4.0 by @fontawesome - https:\/\/fontawesome.com License - https:\/\/fontawesome.com\/license (Commercial License) Copyright 2023 Fonticons, Inc. --><path d=\"M404.1 37.1c6.4-7.1 17.4-7.1 23.8 0L538.5 160H480c-6.2 0-11.8 3.6-14.5 9.1s-1.8 12.2 2.1 17L575.8 318.6c.1 .2 .2 .3 .2 .5c0 .5-.4 .9-.9 .9H496c-6.3 0-12.1 3.7-14.6 9.5s-1.4 12.6 2.8 17.2L606 480H414.4c-2.4 11.8-7.4 22.7-14.4 32H609.6c16.8 0 30.4-13.6 30.4-30.4c0-7.6-2.8-14.9-8-20.5L532.3 352h42.8c18.1 0 32.9-14.7 32.9-32.9c0-7.6-2.6-14.9-7.4-20.8L513.7 192h34.7c15.2 0 27.6-12.3 27.6-27.6c0-6.8-2.5-13.4-7.1-18.4L451.7 15.7c-19.1-21.2-52.3-21.2-71.4 0l-95.4 106 23.6 21.6L404.1 37.1zM32 284.2c0-9 3.8-17.5 10.4-23.6l128-117.3c12.2-11.2 31-11.2 43.2 0l128 117.3c6.6 6.1 10.4 14.6 10.4 23.6V448c0 17.7-14.3 32-32 32H64c-17.7 0-32-14.3-32-32V284.2zM0 448c0 35.3 28.7 64 64 64H320c35.3 0 64-28.7 64-64V284.2c0-17.9-7.5-35.1-20.8-47.2l-128-117.3c-24.5-22.4-62-22.4-86.5 0L20.8 237C7.5 249.1 0 266.2 0 284.2V448zM224 288v64H160V288h64zm-64-32c-17.7 0-32 14.3-32 32v64c0 17.7 14.3 32 32 32h64c17.7 0 32-14.3 32-32V288c0-17.7-14.3-32-32-32H160z\"\/><\/svg><\/span> Siehe Mobilheime<\/a><\/div>\n\n\n\n<div class=\"wp-block-button btn_resa fc-style-2\"><a class=\"wp-block-button__link wp-element-button\"><span class=\"fc-icon\" style=\"width:30px; height:30px\"><svg xmlns=\"http:\/\/www.w3.org\/2000\/svg\" viewBox=\"0 0 512 512\"><!--! Font Awesome Pro 6.4.0 by @fontawesome - https:\/\/fontawesome.com License - https:\/\/fontawesome.com\/license (Commercial License) Copyright 2023 Fonticons, Inc. --><path d=\"M384 208A176 176 0 1 0 32 208a176 176 0 1 0 352 0zM343.3 366C307 397.2 259.7 416 208 416C93.1 416 0 322.9 0 208S93.1 0 208 0S416 93.1 416 208c0 51.7-18.8 99-50 135.3L507.3 484.7c6.2 6.2 6.2 16.4 0 22.6s-16.4 6.2-22.6 0L343.3 366z\"\/><\/svg><\/span> Buchen<\/a><\/div>\n<\/div>\n<\/div>\n<\/div>\n\n\n\n<div class=\"is-layout-constrained wp-block-group alignfull deco--brush-bottom E-00 has-bleu-background-color has-background\">\n<h2>Erkunden Sie Saint-Nazaire und Umgebung<\/h2>\n\n\n\n<p>Die nur 30 Kilometer vom Campingplatz entfernte Stadt <strong>Saint-Nazaire<\/strong> ist ein unumg\u00e4ngliches Ziel f\u00fcr Meeres- und Kulturliebhaber. Bekannt f\u00fcr seine reiche maritime Vergangenheit, bietet <a href=\"https:\/\/www.camping-eleovic.com\/de\/saint-nazaire-sehenswuerdigkeiten\/\">Saint-Nazaire fesselnde Besichtigungen und vielf\u00e4ltige Aktivit\u00e4ten<\/a> :<\/p>\n\n\n\n<ul>\n<li><strong>Les Chantiers de l&#8217;Atlantique<\/strong>: Entdecken Sie die Geschichte der gro\u00dfen Passagierschiffe, die hier gebaut wurden, bei einer Werftbesichtigung. Ein faszinierender Einblick in die Welt des Schiffbaus und eine einmalige Gelegenheit, die beeindruckende Infrastruktur der Produktion dieser Ozeanriesen zu beobachten.<\/li>\n\n\n\n<li>Escal&#8216;<strong>Atlantic<\/strong>: Erleben Sie im Escal&#8217;Atlantic Museum die Erfahrung der transatlantischen Kreuzfahrten. Dieses Museum befindet sich im ehemaligen U-Boot-St\u00fctzpunkt und bietet eine immersive Rekonstruktion des Inneren der gro\u00dfen Passagierschiffe, von den Maschinenr\u00e4umen bis hin zu den Luxuskabinen.<\/li>\n\n\n\n<li><strong>\u00c9comus\u00e9e<\/strong>: Wer mehr \u00fcber die lokale Geschichte erfahren m\u00f6chte, kann im \u00c9comus\u00e9e de Saint-Nazaire die Entwicklung der Stadt von den industriellen Anf\u00e4ngen bis heute nachvollziehen.<\/li>\n\n\n\n<li><strong>Die Str\u00e4nde und die Strand<\/strong> promenade: Saint-Nazaire bietet au\u00dferdem nicht weniger als 20 Str\u00e4nde zum Entspannen und K\u00fcstenwanderungen entlang der Loire-M\u00fcndung.<\/li>\n<\/ul>\n\n\n\n<figure class=\"is-layout-flex wp-block-gallery-11 wp-block-gallery has-nested-images columns-4 is-cropped fc-auto\">\n<figure class=\"wp-block-image size-large fc-auto\"><img decoding=\"async\" width=\"900\" height=\"600\" src=\"https:\/\/www.camping-eleovic.com\/wp-content\/uploads\/2024\/10\/ADO-saint-nazaire-camping.jpg\" alt=\"Str\u00e4nde Saint Nazaire\" class=\"wp-image-2119\" srcset=\"https:\/\/www.camping-eleovic.com\/wp-content\/uploads\/2024\/10\/ADO-saint-nazaire-camping.jpg 900w, https:\/\/www.camping-eleovic.com\/wp-content\/uploads\/2024\/10\/ADO-saint-nazaire-camping-300x200.jpg 300w, https:\/\/www.camping-eleovic.com\/wp-content\/uploads\/2024\/10\/ADO-saint-nazaire-camping-768x512.jpg 768w\" sizes=\"(max-width: 900px) 100vw, 900px\" title=\"\"><\/figure>\n\n\n\n<figure class=\"wp-block-image size-large fc-auto\"><img decoding=\"async\" width=\"900\" height=\"600\" src=\"https:\/\/www.camping-eleovic.com\/wp-content\/uploads\/2024\/10\/ADO-plage-saint-nazaire.jpg\" alt=\"K\u00fcste von Saint-Nazaire\" class=\"wp-image-2122\" srcset=\"https:\/\/www.camping-eleovic.com\/wp-content\/uploads\/2024\/10\/ADO-plage-saint-nazaire.jpg 900w, https:\/\/www.camping-eleovic.com\/wp-content\/uploads\/2024\/10\/ADO-plage-saint-nazaire-300x200.jpg 300w, https:\/\/www.camping-eleovic.com\/wp-content\/uploads\/2024\/10\/ADO-plage-saint-nazaire-768x512.jpg 768w\" sizes=\"(max-width: 900px) 100vw, 900px\" title=\"\"><\/figure>\n\n\n\n<figure class=\"wp-block-image size-large fc-auto\"><img decoding=\"async\" width=\"900\" height=\"506\" src=\"https:\/\/www.camping-eleovic.com\/wp-content\/uploads\/2024\/10\/ADO-bord-de-mer-saint-nazaire.jpg\" alt=\"Fischereien Saint Nazaire\" class=\"wp-image-2125\" srcset=\"https:\/\/www.camping-eleovic.com\/wp-content\/uploads\/2024\/10\/ADO-bord-de-mer-saint-nazaire.jpg 900w, https:\/\/www.camping-eleovic.com\/wp-content\/uploads\/2024\/10\/ADO-bord-de-mer-saint-nazaire-300x169.jpg 300w, https:\/\/www.camping-eleovic.com\/wp-content\/uploads\/2024\/10\/ADO-bord-de-mer-saint-nazaire-768x432.jpg 768w\" sizes=\"(max-width: 900px) 100vw, 900px\" title=\"\"><\/figure>\n\n\n\n<figure class=\"wp-block-image size-large fc-auto\"><img decoding=\"async\" width=\"900\" height=\"506\" src=\"https:\/\/www.camping-eleovic.com\/wp-content\/uploads\/2024\/10\/ADO-saint-nazaire.jpg\" alt=\"K\u00fcste von Saint-Nazaire\" class=\"wp-image-2128\" srcset=\"https:\/\/www.camping-eleovic.com\/wp-content\/uploads\/2024\/10\/ADO-saint-nazaire.jpg 900w, https:\/\/www.camping-eleovic.com\/wp-content\/uploads\/2024\/10\/ADO-saint-nazaire-300x169.jpg 300w, https:\/\/www.camping-eleovic.com\/wp-content\/uploads\/2024\/10\/ADO-saint-nazaire-768x432.jpg 768w\" sizes=\"(max-width: 900px) 100vw, 900px\" title=\"\"><\/figure>\n<\/figure>\n\n\n\n<div class=\"is-content-justification-center is-layout-flex wp-container-13 wp-block-buttons\">\n<div class=\"wp-block-button\"><a class=\"wp-block-button__link wp-element-button\" href=\"https:\/\/www.saint-nazaire-tourisme.de\/entdecken\/\" target=\"_blank\" rel=\"noreferrer noopener\"><span class=\"fc-icon\" style=\"width:30px; height:30px\"><svg xmlns=\"http:\/\/www.w3.org\/2000\/svg\" viewBox=\"0 0 320 512\"><!--! Font Awesome Pro 6.4.0 by @fontawesome - https:\/\/fontawesome.com License - https:\/\/fontawesome.com\/license (Commercial License) Copyright 2023 Fonticons, Inc. --><path d=\"M299.3 244.7c6.2 6.2 6.2 16.4 0 22.6l-192 192c-6.2 6.2-16.4 6.2-22.6 0s-6.2-16.4 0-22.6L265.4 256 84.7 75.3c-6.2-6.2-6.2-16.4 0-22.6s16.4-6.2 22.6 0l192 192z\"\/><\/svg><\/span> Saint-Nazaire entdecken<\/a><\/div>\n<\/div>\n<\/div>\n\n\n\n<div class=\"is-layout-flex wp-container-18 wp-block-columns alignfull has-blanc-background-color has-background\">\n<div class=\"is-layout-flow wp-block-column deco--bamboo\">\n<figure class=\"wp-block-image size-full fc-auto\"><img decoding=\"async\" width=\"900\" height=\"506\" src=\"https:\/\/www.camping-eleovic.com\/wp-content\/uploads\/2024\/09\/ADO-pointe-saint-gildas-port.jpg\" alt=\"toerisme saint nazaire\" class=\"wp-image-2104\" srcset=\"https:\/\/www.camping-eleovic.com\/wp-content\/uploads\/2024\/09\/ADO-pointe-saint-gildas-port.jpg 900w, https:\/\/www.camping-eleovic.com\/wp-content\/uploads\/2024\/09\/ADO-pointe-saint-gildas-port-300x169.jpg 300w, https:\/\/www.camping-eleovic.com\/wp-content\/uploads\/2024\/09\/ADO-pointe-saint-gildas-port-768x432.jpg 768w\" sizes=\"(max-width: 900px) 100vw, 900px\" title=\"\"><\/figure>\n<\/div>\n\n\n\n<div class=\"is-layout-flow wp-block-column E-10__right\">\n<h2>Buchen Sie Ihren Urlaub auf dem Campingplatz \u00c9l\u00e9ovic und entdecken Sie den Charme der Atlantikk\u00fcste.<\/h2>\n\n\n\n<p>Der <strong>Campingplatz \u00c9l\u00e9ovic<\/strong> l\u00e4dt Sie ein, das Beste der Atlantikk\u00fcste zu entdecken, mit allem Komfort eines 4-Sterne-Campingplatzes in der N\u00e4he von Saint-Nazaire. Ob Sie nun gerne am Meer entspannen oder neugierig auf die maritime Geschichte von Saint-Nazaire sind, dieser Campingplatz ist der ideale Ort, um einen Urlaub inmitten der Natur zu genie\u00dfen und gleichzeitig Zugang zu den kulturellen und nat\u00fcrlichen Reicht\u00fcmern der Region zu haben.<\/p>\n\n\n\n<div class=\"is-content-justification-left is-layout-flex wp-container-16 wp-block-buttons\">\n<div class=\"wp-block-button\"><a class=\"wp-block-button__link wp-element-button\" href=\"https:\/\/www.camping-eleovic.com\/de\/mobilheim-frankreich-atlantikkuste\/\"><span class=\"fc-icon\" style=\"width:30px; height:30px\"><svg xmlns=\"http:\/\/www.w3.org\/2000\/svg\" viewBox=\"0 0 640 512\"><!--! Font Awesome Pro 6.4.0 by @fontawesome - https:\/\/fontawesome.com License - https:\/\/fontawesome.com\/license (Commercial License) Copyright 2023 Fonticons, Inc. --><path d=\"M404.1 37.1c6.4-7.1 17.4-7.1 23.8 0L538.5 160H480c-6.2 0-11.8 3.6-14.5 9.1s-1.8 12.2 2.1 17L575.8 318.6c.1 .2 .2 .3 .2 .5c0 .5-.4 .9-.9 .9H496c-6.3 0-12.1 3.7-14.6 9.5s-1.4 12.6 2.8 17.2L606 480H414.4c-2.4 11.8-7.4 22.7-14.4 32H609.6c16.8 0 30.4-13.6 30.4-30.4c0-7.6-2.8-14.9-8-20.5L532.3 352h42.8c18.1 0 32.9-14.7 32.9-32.9c0-7.6-2.6-14.9-7.4-20.8L513.7 192h34.7c15.2 0 27.6-12.3 27.6-27.6c0-6.8-2.5-13.4-7.1-18.4L451.7 15.7c-19.1-21.2-52.3-21.2-71.4 0l-95.4 106 23.6 21.6L404.1 37.1zM32 284.2c0-9 3.8-17.5 10.4-23.6l128-117.3c12.2-11.2 31-11.2 43.2 0l128 117.3c6.6 6.1 10.4 14.6 10.4 23.6V448c0 17.7-14.3 32-32 32H64c-17.7 0-32-14.3-32-32V284.2zM0 448c0 35.3 28.7 64 64 64H320c35.3 0 64-28.7 64-64V284.2c0-17.9-7.5-35.1-20.8-47.2l-128-117.3c-24.5-22.4-62-22.4-86.5 0L20.8 237C7.5 249.1 0 266.2 0 284.2V448zM224 288v64H160V288h64zm-64-32c-17.7 0-32 14.3-32 32v64c0 17.7 14.3 32 32 32h64c17.7 0 32-14.3 32-32V288c0-17.7-14.3-32-32-32H160z\"\/><\/svg><\/span> Siehe Mobilheime<\/a><\/div>\n\n\n\n<div class=\"wp-block-button btn_resa fc-style-2\"><a class=\"wp-block-button__link wp-element-button\"><span class=\"fc-icon\" style=\"width:30px; height:30px\"><svg xmlns=\"http:\/\/www.w3.org\/2000\/svg\" viewBox=\"0 0 512 512\"><!--! Font Awesome Pro 6.4.0 by @fontawesome - https:\/\/fontawesome.com License - https:\/\/fontawesome.com\/license (Commercial License) Copyright 2023 Fonticons, Inc. --><path d=\"M384 208A176 176 0 1 0 32 208a176 176 0 1 0 352 0zM343.3 366C307 397.2 259.7 416 208 416C93.1 416 0 322.9 0 208S93.1 0 208 0S416 93.1 416 208c0 51.7-18.8 99-50 135.3L507.3 484.7c6.2 6.2 6.2 16.4 0 22.6s-16.4 6.2-22.6 0L343.3 366z\"\/><\/svg><\/span> Buchen<\/a><\/div>\n<\/div>\n<\/div>\n<\/div>\n","protected":false},"excerpt":{"rendered":"<p>Campingplatz in der N\u00e4he von Saint-Nazaire &#8211; Urlaub am Meer auf dem Campingplatz \u00c9l\u00e9ovic Sind Sie auf der Suche nach einem Campingplatz in der N\u00e4he von Saint-Nazaire, der Komfort, eine famili\u00e4re Atmosph\u00e4re und einen herrlichen Blick auf das Meer bietet? Der Campingplatz \u00c9l\u00e9ovic empf\u00e4ngt Sie in Pr\u00e9failles, nur 29 km oder 40 Autominuten von Saint-Nazaire [&hellip;]<\/p>\n","protected":false},"author":1,"featured_media":0,"parent":0,"menu_order":0,"comment_status":"closed","ping_status":"closed","template":"","meta":[],"acf":[],"_links":{"self":[{"href":"https:\/\/www.camping-eleovic.com\/de\/wp-json\/wp\/v2\/pages\/2118"}],"collection":[{"href":"https:\/\/www.camping-eleovic.com\/de\/wp-json\/wp\/v2\/pages"}],"about":[{"href":"https:\/\/www.camping-eleovic.com\/de\/wp-json\/wp\/v2\/types\/page"}],"author":[{"embeddable":true,"href":"https:\/\/www.camping-eleovic.com\/de\/wp-json\/wp\/v2\/users\/1"}],"replies":[{"embeddable":true,"href":"https:\/\/www.camping-eleovic.com\/de\/wp-json\/wp\/v2\/comments?post=2118"}],"version-history":[{"count":6,"href":"https:\/\/www.camping-eleovic.com\/de\/wp-json\/wp\/v2\/pages\/2118\/revisions"}],"predecessor-version":[{"id":2648,"href":"https:\/\/www.camping-eleovic.com\/de\/wp-json\/wp\/v2\/pages\/2118\/revisions\/2648"}],"wp:attachment":[{"href":"https:\/\/www.camping-eleovic.com\/de\/wp-json\/wp\/v2\/media?parent=2118"}],"curies":[{"name":"wp","href":"https:\/\/api.w.org\/{rel}","templated":true}]}}