{"id":1722,"date":"2024-02-13T14:28:29","date_gmt":"2024-02-13T13:28:29","guid":{"rendered":"https:\/\/www.camping-eleovic.com\/nautische-taetigkeiten-plaine-sur-mer\/"},"modified":"2025-02-21T14:39:25","modified_gmt":"2025-02-21T13:39:25","slug":"nautische-taetigkeiten-plaine-sur-mer","status":"publish","type":"page","link":"https:\/\/www.camping-eleovic.com\/de\/nautische-taetigkeiten-plaine-sur-mer\/","title":{"rendered":"Nautische Aktivit\u00e4ten Plaine sur Mer"},"content":{"rendered":"\n<div class=\"is-layout-flex wp-container-2 wp-block-columns alignfull\">\n<div class=\"is-layout-flow wp-block-column\">\n<h1 class=\"has-text-align-center\">Die nautischen Aktivit\u00e4ten in der Plaine-sur-Mer<\/h1>\n\n\n\n<p>La Plaine-sur-Mer liegt im Westen des Departements Loire-Atlantique an der Jade-K\u00fcste und ist 25 km von Saint-Nazaire entfernt. Die kleine Gemeinde ist von drei weiteren Ortschaften umgeben: Pr\u00e9failles, Saint-Michel-Chef im Norden und Pornic im Osten.<\/p>\n\n\n\n<p>Vom <a href=\"https:\/\/www.camping-eleovic.com\/de\/camping-la-plaine-sur-mer\/\">Campingplatz Eleovic in der N\u00e4he der Plaine sur Mer<\/a> dauert es 7 Minuten mit dem Auto, um die Gemeinde zu erreichen. Wenn Sie auf der Suche nach einem Reiseziel f\u00fcr Ihren Urlaub sind, entdecken Sie die <strong>Wassersportaktivit\u00e4ten, die Sie in La Plaine sur Mer aus\u00fcben k\u00f6nnen.<\/strong><\/p>\n<\/div>\n<\/div>\n\n\n\n<div class=\"is-layout-flex wp-container-7 wp-block-columns\">\n<div class=\"is-layout-flow wp-block-column\">\n<div class=\"is-layout-flex wp-container-5 wp-block-columns\">\n<div class=\"is-layout-flow wp-block-column\">\n<figure class=\"wp-block-image size-full fc-full\"><img decoding=\"async\" width=\"650\" height=\"433\" src=\"https:\/\/www.camping-eleovic.com\/wp-content\/uploads\/2023\/10\/planche-a-voile-plaine-sur-mer.jpg\" alt=\"Segeln und Windsurfen La Plaine sur Mer\" class=\"wp-image-1432\" srcset=\"https:\/\/www.camping-eleovic.com\/wp-content\/uploads\/2023\/10\/planche-a-voile-plaine-sur-mer.jpg 650w, https:\/\/www.camping-eleovic.com\/wp-content\/uploads\/2023\/10\/planche-a-voile-plaine-sur-mer-300x200.jpg 300w\" sizes=\"(max-width: 650px) 100vw, 650px\" title=\"\"><\/figure>\n<\/div>\n\n\n\n<div class=\"is-layout-flow wp-block-column deco--family\">\n<h2>Segeln und Windsurfen<\/h2>\n\n\n\n<p>Wenn Sie <strong>Segeln oder Windsurfen<\/strong> m\u00f6chten, finden Sie an den Str\u00e4nden von <strong>Govogne und Cormier<\/strong> mehrere spezialisierte Schulen und Zentren f\u00fcr Wassersportaktivit\u00e4ten. Es ist m\u00f6glich, mit <strong>Wasserrutschen<\/strong> im Alter von 4 Jahren zu beginnen.<\/p>\n\n\n\n<p>Dank des Know-hows der Dozenten lernen Anf\u00e4nger schnell. Sie m\u00fcssen sich jedoch darauf vorbereiten, dass es sich um sportliche Aktivit\u00e4ten handelt, die mehrere Muskelzonen beanspruchen. Wie dem auch sei, diese <strong>Wassersportarten<\/strong> garantieren Ihnen eine tolle Zeit, allein, mit der Familie oder mit Freunden zu verbringen.<\/p>\n\n\n\n<h2>Seefischerei<\/h2>\n\n\n\n<p>In La Plaine-sur-Mer und Umgebung gibt es mehrere Spots zum <strong>Hochseefischen.<\/strong> Besuchen Sie den <strong>Port de la Gravette<\/strong> zum Hochseefischen, Sportfischen mit Fliegenfischen und Wurf. Sie k\u00f6nnen auch im <strong>Hafen von Comberge<\/strong> (4,7 km von La Plaine-sur-Mer) oder im Hafen von La Noeveillard (5 km von La Plaine-sur-Mer) angeln.<\/p>\n\n\n\n<h2>Das Kanu-Kajak<\/h2>\n\n\n\n<p>Von April bis September k\u00f6nnen Sie den Hafen von La Gravette besuchen, um ein <strong>Seekajak zu mieten und entlang der Jade-K\u00fcste zu segeln.<\/strong> So entdecken Sie die Sch\u00f6nheit der Region. Sie k\u00f6nnen Ihr Picknick mitbringen und gesellige Momente w\u00e4hrend dieses kleinen Ausflugs teilen.<\/p>\n<\/div>\n<\/div>\n<\/div>\n<\/div>\n\n\n\n<div class=\"is-layout-flex wp-container-12 wp-block-columns\">\n<div class=\"is-layout-flow wp-block-column\">\n<div class=\"is-layout-flex wp-container-10 wp-block-columns\">\n<div class=\"is-layout-flow wp-block-column\">\n<h2>Wo kann man surfen?<\/h2>\n\n\n\n<p>Zum <strong>Surfen<\/strong> empfiehlt sich ein Besuch der langen Str\u00e4nde von Saint-Brevin-Les-Pins, 11 km von La Plaine-sur-Mer entfernt. Dank der Wellen des Ozeans bilden sich hier wundersch\u00f6ne Wellen. Sie sind leicht zug\u00e4nglich und erm\u00f6glichen ein sicheres Surfen, unabh\u00e4ngig von Ihrem Alter.<\/p>\n\n\n\n<p>Egal, ob Sie mit der Familie, mit Freunden oder mit Ihren professionellen Mitarbeitern zu Freizeitausfl\u00fcgen kommen, Surfen ist eine empfehlenswerte Aktivit\u00e4t. Sie werden die Freundlichkeit der Clubs zu sch\u00e4tzen wissen, die verschiedene Arten von Wassersportaktivit\u00e4ten anbieten.<\/p>\n\n\n\n<h2>Wo kann man in La Plaine-sur-Mer baden?<\/h2>\n\n\n\n<p>In diesem geographischen Gebiet finden Sie leicht einen Strand, der zum <a href=\"https:\/\/www.camping-eleovic.com\/plages-plaine-sur-mer\/\">Baden geeignet ist.<\/a> Sie haben die Qual der Wahl : <\/p>\n\n\n\n<ul>\n<li>der <strong>Strand von Mouton<\/strong><\/li>\n\n\n\n<li>der <strong>Strand von Port Giraud<\/strong><\/li>\n\n\n\n<li>der <strong>Strand von Cormier<\/strong><\/li>\n\n\n\n<li>der <strong>Strand von La Govogne<\/strong><\/li>\n\n\n\n<li>der <strong>Strand von Joalland &#8211; La Tara<\/strong><\/li>\n<\/ul>\n\n\n\n<p>Wenn Sie nach einem wilden und authentischeren Ort suchen, empfehlen wir Ihnen den <strong>Pr\u00e9e-Strand.<\/strong><\/p>\n<\/div>\n\n\n\n<div class=\"is-layout-flow wp-block-column is-vertically-aligned-center\">\n<figure class=\"wp-block-image size-large fc-auto\"><img decoding=\"async\" width=\"1024\" height=\"683\" src=\"https:\/\/www.camping-eleovic.com\/wp-content\/uploads\/2023\/09\/1000006885-1024x683.jpg\" alt=\"Hochseefischen und Kanu Kajak\" class=\"wp-image-872\" srcset=\"https:\/\/www.camping-eleovic.com\/wp-content\/uploads\/2023\/09\/1000006885-1024x683.jpg 1024w, https:\/\/www.camping-eleovic.com\/wp-content\/uploads\/2023\/09\/1000006885-300x200.jpg 300w, https:\/\/www.camping-eleovic.com\/wp-content\/uploads\/2023\/09\/1000006885-768x512.jpg 768w, https:\/\/www.camping-eleovic.com\/wp-content\/uploads\/2023\/09\/1000006885.jpg 1080w\" sizes=\"(max-width: 1024px) 100vw, 1024px\" title=\"\"><\/figure>\n<\/div>\n<\/div>\n<\/div>\n<\/div>\n\n\n\n<div class=\"is-layout-flex wp-container-21 wp-block-columns\">\n<div class=\"is-layout-flow wp-block-column\">\n<div class=\"is-layout-flex wp-container-19 wp-block-columns\">\n<div class=\"is-layout-flow wp-block-column\">\n<div class=\"is-layout-flex wp-container-17 wp-block-columns\">\n<div class=\"is-layout-flow wp-block-column\">\n<figure class=\"is-layout-flex wp-block-gallery-13 wp-block-gallery has-nested-images columns-default is-cropped fc-diapo fc-auto\">\n<figure class=\"wp-block-image size-large fc-auto\"><img decoding=\"async\" width=\"1024\" height=\"700\" src=\"https:\/\/www.camping-eleovic.com\/wp-content\/uploads\/2023\/09\/batch_mobil-home-vue-mer-1024x700.jpg\" alt=\"mobil home Plaine Sur Mer\" class=\"wp-image-982\" srcset=\"https:\/\/www.camping-eleovic.com\/wp-content\/uploads\/2023\/09\/batch_mobil-home-vue-mer-1024x700.jpg 1024w, https:\/\/www.camping-eleovic.com\/wp-content\/uploads\/2023\/09\/batch_mobil-home-vue-mer-300x205.jpg 300w, https:\/\/www.camping-eleovic.com\/wp-content\/uploads\/2023\/09\/batch_mobil-home-vue-mer-768x525.jpg 768w, https:\/\/www.camping-eleovic.com\/wp-content\/uploads\/2023\/09\/batch_mobil-home-vue-mer.jpg 1280w\" sizes=\"(max-width: 1024px) 100vw, 1024px\" title=\"\"><\/figure>\n\n\n\n<figure class=\"wp-block-image size-large fc-auto\"><img decoding=\"async\" src=\"https:\/\/www.camping-eleovic.com\/wp-content\/uploads\/2023\/09\/batch_empl-760x520-1-1024x700.jpg\" alt=\"\" class=\"wp-image-987\" title=\"\"><\/figure>\n\n\n\n<figure class=\"wp-block-image size-large fc-auto\"><img decoding=\"async\" width=\"1024\" height=\"701\" src=\"https:\/\/www.camping-eleovic.com\/wp-content\/uploads\/2023\/08\/int-piscine-couverte-1024x701-1.jpg\" alt=\"\" class=\"wp-image-457\" srcset=\"https:\/\/www.camping-eleovic.com\/wp-content\/uploads\/2023\/08\/int-piscine-couverte-1024x701-1.jpg 1024w, https:\/\/www.camping-eleovic.com\/wp-content\/uploads\/2023\/08\/int-piscine-couverte-1024x701-1-300x205.jpg 300w, https:\/\/www.camping-eleovic.com\/wp-content\/uploads\/2023\/08\/int-piscine-couverte-1024x701-1-768x526.jpg 768w\" sizes=\"(max-width: 1024px) 100vw, 1024px\" title=\"\"><\/figure>\n<\/figure>\n<\/div>\n\n\n\n<div class=\"is-layout-flow wp-block-column deco--family\">\n<h2>Ihre Campingplatz in der n\u00e4he von la Plaine-Sur-Mer<\/h2>\n\n\n\n<p>W\u00e4hlen Sie den <a href=\"https:\/\/www.camping-eleovic.com\/de\/\">4-Sterne-Campingplatz Eleovic<\/a> in Pr\u00e9failles, um sich in Komfort zu entspannen, ganz in der N\u00e4he von La Plaine-sur-Mer. Das Hotel wurde sorgf\u00e4ltig eingerichtet, um Ihnen einen atemberaubenden Blick auf das Meer zu bieten. Sie haben <strong>direkten Zugang zum Strand<\/strong> und werden angenehm \u00fcberrascht sein von der Sch\u00f6nheit der wilden Atlantikk\u00fcste. Die kleinen Buchten laden zum Baden ein.<\/p>\n\n\n\n<p>Der Campingplatz Eleovic bietet seinen G\u00e4sten ein auf <a href=\"https:\/\/www.camping-eleovic.com\/de\/camping-loire-atlantique-mit-offenem-schwimmbad\/\">28 \u00b0C beheiztes Hallenbad.<\/a> Dieser Wasserbereich ist mit verschiedenen Ger\u00e4ten ausgestattet, wie Hydromassage-B\u00e4nke, Liegest\u00fchle, ein Solarium und Planschbecken mit Spielen f\u00fcr Kinder. Das Zen-Becken ist der ideale Ort, um sich zu entspannen und einen unvergesslichen Urlaub zu verbringen. Sie genie\u00dfen 35 m\u00b2 mit Sitzb\u00e4nken, Hydromassage-D\u00fcsen und Wasserf\u00e4llen.<\/p>\n\n\n\n<p>Auf dem Campingplatz Eleovic finden Sie alles, was Sie f\u00fcr einen angenehmen Aufenthalt ben\u00f6tigen: Spielplatz, Sportplatz, Lebensmittelgesch\u00e4ft, Brotdepot, Sommerunterhaltung, Snackbar, Fahrradverleih. Buchen Sie ein <a href=\"https:\/\/www.camping-eleovic.com\/de\/mobilheim-frankreich-atlantikkuste\/\">Mobilheim in der N\u00e4he von Plaine-sur-Mer<\/a> oder einen Stellplatz f\u00fcr Ihr Fahrzeug oder Zelt. Wir stehen Ihnen zur Verf\u00fcgung, um Sie \u00fcber die angebotenen Dienstleistungen zu informieren.<\/p>\n<\/div>\n<\/div>\n<\/div>\n<\/div>\n<\/div>\n<\/div>\n","protected":false},"excerpt":{"rendered":"<p>Die nautischen Aktivit\u00e4ten in der Plaine-sur-Mer La Plaine-sur-Mer liegt im Westen des Departements Loire-Atlantique an der Jade-K\u00fcste und ist 25 km von Saint-Nazaire entfernt. Die kleine Gemeinde ist von drei weiteren Ortschaften umgeben: Pr\u00e9failles, Saint-Michel-Chef im Norden und Pornic im Osten. Vom Campingplatz Eleovic in der N\u00e4he der Plaine sur Mer dauert es 7 Minuten [&hellip;]<\/p>\n","protected":false},"author":1,"featured_media":0,"parent":0,"menu_order":0,"comment_status":"closed","ping_status":"closed","template":"","meta":[],"acf":[],"_links":{"self":[{"href":"https:\/\/www.camping-eleovic.com\/de\/wp-json\/wp\/v2\/pages\/1722"}],"collection":[{"href":"https:\/\/www.camping-eleovic.com\/de\/wp-json\/wp\/v2\/pages"}],"about":[{"href":"https:\/\/www.camping-eleovic.com\/de\/wp-json\/wp\/v2\/types\/page"}],"author":[{"embeddable":true,"href":"https:\/\/www.camping-eleovic.com\/de\/wp-json\/wp\/v2\/users\/1"}],"replies":[{"embeddable":true,"href":"https:\/\/www.camping-eleovic.com\/de\/wp-json\/wp\/v2\/comments?post=1722"}],"version-history":[{"count":4,"href":"https:\/\/www.camping-eleovic.com\/de\/wp-json\/wp\/v2\/pages\/1722\/revisions"}],"predecessor-version":[{"id":2339,"href":"https:\/\/www.camping-eleovic.com\/de\/wp-json\/wp\/v2\/pages\/1722\/revisions\/2339"}],"wp:attachment":[{"href":"https:\/\/www.camping-eleovic.com\/de\/wp-json\/wp\/v2\/media?parent=1722"}],"curies":[{"name":"wp","href":"https:\/\/api.w.org\/{rel}","templated":true}]}}