{"id":1188,"date":"2023-09-28T11:33:14","date_gmt":"2023-09-28T09:33:14","guid":{"rendered":"https:\/\/www.camping-eleovic.com\/camping-la-plaine-sur-mer\/"},"modified":"2025-10-30T10:46:18","modified_gmt":"2025-10-30T09:46:18","slug":"camping-la-plaine-sur-mer","status":"publish","type":"page","link":"https:\/\/www.camping-eleovic.com\/de\/camping-la-plaine-sur-mer\/","title":{"rendered":"Ihr Campingurlaub in La Plaine sur Mer"},"content":{"rendered":"\n<div class=\"wp-block-cover alignfull\"><span aria-hidden=\"true\" class=\"wp-block-cover__background has-background-dim\"><\/span><img decoding=\"async\" width=\"1920\" height=\"747\" class=\"wp-block-cover__image-background wp-image-700\" alt=\"camping la plaine sur mer\" src=\"https:\/\/www.camping-eleovic.com\/wp-content\/uploads\/2023\/08\/sans-titre-6-1920x900-2.jpg\" style=\"object-position:55% 0%\" data-object-fit=\"cover\" data-object-position=\"55% 0%\" srcset=\"https:\/\/www.camping-eleovic.com\/wp-content\/uploads\/2023\/08\/sans-titre-6-1920x900-2.jpg 1920w, https:\/\/www.camping-eleovic.com\/wp-content\/uploads\/2023\/08\/sans-titre-6-1920x900-2-300x117.jpg 300w, https:\/\/www.camping-eleovic.com\/wp-content\/uploads\/2023\/08\/sans-titre-6-1920x900-2-1024x398.jpg 1024w, https:\/\/www.camping-eleovic.com\/wp-content\/uploads\/2023\/08\/sans-titre-6-1920x900-2-768x299.jpg 768w, https:\/\/www.camping-eleovic.com\/wp-content\/uploads\/2023\/08\/sans-titre-6-1920x900-2-1536x598.jpg 1536w\" sizes=\"(max-width: 1920px) 100vw, 1920px\" title=\"\"><div class=\"wp-block-cover__inner-container\">\n<p class=\"has-text-align-center\"><\/p>\n<\/div><\/div>\n\n\n\n<div class=\"is-layout-constrained wp-block-group\">  <div class=\"sc-searchbar wp-block-buttons\">\r\n    <div class=\"wp-block-button btn_resa show-mob\">\r\n      <a class=\"wp-block-button__link wp-element-button\"><span class=\"fc-icon\" style=\"width:30px; height:30px\"><svg xmlns=\"http:\/\/www.w3.org\/2000\/svg\" viewBox=\"0 0 512 512\"><!--! Font Awesome Pro 6.4.0 by @fontawesome - https:\/\/fontawesome.com License - https:\/\/fontawesome.com\/license (Commercial License) Copyright 2023 Fonticons, Inc. --><path d=\"M384 208A176 176 0 1 0 32 208a176 176 0 1 0 352 0zM343.3 366C307 397.2 259.7 416 208 416C93.1 416 0 322.9 0 208S93.1 0 208 0S416 93.1 416 208c0 51.7-18.8 99-50 135.3L507.3 484.7c6.2 6.2 6.2 16.4 0 22.6s-16.4 6.2-22.6 0L343.3 366z\"><\/path><\/svg><\/span> Buche deinen Aufenthalt<\/a>\r\n    <\/div>\r\n  <\/div>\r\n  \n<\/div>\n\n\n\n<div class=\"is-layout-flex wp-container-4 wp-block-columns\">\n<div class=\"is-layout-flow wp-block-column\">\n<div class=\"is-layout-constrained wp-block-group\">\n<h1 class=\"has-text-align-center\">Ihr Campingurlaub in La Plaine sur Mer<\/h1>\n\n\n\n<p class=\"has-text-align-center\"><strong>La Plaine-sur-Mer<\/strong> im D\u00e9partement Loire-Atlantique ist ein bekannter Familienbadeort an der C\u00f4te de Jade, westlich von Pornic.<\/p>\n\n\n\n<p class=\"has-text-align-center\">An der Pointe de Saint-Gildas empf\u00e4ngt Sie der <a href=\"https:\/\/www.camping-eleovic.com\/de\/\" data-type=\"page\" data-id=\"2\">Campingplatz El\u00e9ovic in der N\u00e4he von La Plaine-sur-Mer<\/a> herzlich auf seiner gro\u00dfen schattigen Fl\u00e4che am Meer.<\/p>\n<\/div>\n<\/div>\n<\/div>\n\n\n\n<div class=\"is-layout-flex wp-container-11 wp-block-columns alignfull E-10 deco--brush-top has-beige-background-color has-background\">\n<div class=\"is-layout-flow wp-block-column deco--bamboo\">\n<figure class=\"is-layout-flex wp-block-gallery-5 wp-block-gallery has-nested-images columns-default is-cropped fc-diapo fc-full\">\n<figure class=\"wp-block-image size-large fc-auto\"><img decoding=\"async\" width=\"1024\" height=\"768\" src=\"https:\/\/www.camping-eleovic.com\/wp-content\/uploads\/2023\/08\/00000997083-1024x768.webp\" alt=\"vermietung mobilheim la plaine sur mer\" class=\"wp-image-633\" srcset=\"https:\/\/www.camping-eleovic.com\/wp-content\/uploads\/2023\/08\/00000997083-1024x768.webp 1024w, https:\/\/www.camping-eleovic.com\/wp-content\/uploads\/2023\/08\/00000997083-300x225.webp 300w, https:\/\/www.camping-eleovic.com\/wp-content\/uploads\/2023\/08\/00000997083-768x576.webp 768w, https:\/\/www.camping-eleovic.com\/wp-content\/uploads\/2023\/08\/00000997083.webp 1176w\" sizes=\"(max-width: 1024px) 100vw, 1024px\" title=\"\"><\/figure>\n\n\n\n<figure class=\"wp-block-image size-large fc-auto\"><img decoding=\"async\" width=\"760\" height=\"520\" src=\"https:\/\/www.camping-eleovic.com\/wp-content\/uploads\/2023\/08\/20160401_171548-1-760x520-1.jpg\" alt=\"\" class=\"wp-image-610\" srcset=\"https:\/\/www.camping-eleovic.com\/wp-content\/uploads\/2023\/08\/20160401_171548-1-760x520-1.jpg 760w, https:\/\/www.camping-eleovic.com\/wp-content\/uploads\/2023\/08\/20160401_171548-1-760x520-1-300x205.jpg 300w\" sizes=\"(max-width: 760px) 100vw, 760px\" title=\"\"><\/figure>\n\n\n\n<figure class=\"wp-block-image size-large fc-auto\"><img decoding=\"async\" width=\"1024\" height=\"683\" src=\"https:\/\/www.camping-eleovic.com\/wp-content\/uploads\/2023\/08\/mobil-homes-1024x683-2.jpg\" alt=\"\" class=\"wp-image-412\" srcset=\"https:\/\/www.camping-eleovic.com\/wp-content\/uploads\/2023\/08\/mobil-homes-1024x683-2.jpg 1024w, https:\/\/www.camping-eleovic.com\/wp-content\/uploads\/2023\/08\/mobil-homes-1024x683-2-300x200.jpg 300w, https:\/\/www.camping-eleovic.com\/wp-content\/uploads\/2023\/08\/mobil-homes-1024x683-2-768x512.jpg 768w\" sizes=\"(max-width: 1024px) 100vw, 1024px\" title=\"\"><\/figure>\n\n\n\n<figure class=\"wp-block-image size-large fc-auto\"><img decoding=\"async\" width=\"1024\" height=\"701\" src=\"https:\/\/www.camping-eleovic.com\/wp-content\/uploads\/2023\/08\/tente-lodge-vue-mer-1024x701-1.jpg\" alt=\"\" class=\"wp-image-283\" srcset=\"https:\/\/www.camping-eleovic.com\/wp-content\/uploads\/2023\/08\/tente-lodge-vue-mer-1024x701-1.jpg 1024w, https:\/\/www.camping-eleovic.com\/wp-content\/uploads\/2023\/08\/tente-lodge-vue-mer-1024x701-1-300x205.jpg 300w, https:\/\/www.camping-eleovic.com\/wp-content\/uploads\/2023\/08\/tente-lodge-vue-mer-1024x701-1-768x526.jpg 768w\" sizes=\"(max-width: 1024px) 100vw, 1024px\" title=\"\"><\/figure>\n\n\n\n<figure class=\"wp-block-image size-large fc-auto\"><img decoding=\"async\" width=\"1024\" height=\"683\" src=\"https:\/\/www.camping-eleovic.com\/wp-content\/uploads\/2023\/08\/emplacement_vue_mer-1024x683-1.jpg\" alt=\"\" class=\"wp-image-434\" srcset=\"https:\/\/www.camping-eleovic.com\/wp-content\/uploads\/2023\/08\/emplacement_vue_mer-1024x683-1.jpg 1024w, https:\/\/www.camping-eleovic.com\/wp-content\/uploads\/2023\/08\/emplacement_vue_mer-1024x683-1-300x200.jpg 300w, https:\/\/www.camping-eleovic.com\/wp-content\/uploads\/2023\/08\/emplacement_vue_mer-1024x683-1-768x512.jpg 768w\" sizes=\"(max-width: 1024px) 100vw, 1024px\" title=\"\"><\/figure>\n\n\n\n<figure class=\"wp-block-image size-large fc-auto\"><img decoding=\"async\" width=\"1024\" height=\"683\" src=\"https:\/\/www.camping-eleovic.com\/wp-content\/uploads\/2023\/08\/emplacements_ombrage-1024x683-1.jpg\" alt=\"\" class=\"wp-image-430\" srcset=\"https:\/\/www.camping-eleovic.com\/wp-content\/uploads\/2023\/08\/emplacements_ombrage-1024x683-1.jpg 1024w, https:\/\/www.camping-eleovic.com\/wp-content\/uploads\/2023\/08\/emplacements_ombrage-1024x683-1-300x200.jpg 300w, https:\/\/www.camping-eleovic.com\/wp-content\/uploads\/2023\/08\/emplacements_ombrage-1024x683-1-768x512.jpg 768w\" sizes=\"(max-width: 1024px) 100vw, 1024px\" title=\"\"><\/figure>\n\n\n\n<figure class=\"wp-block-image size-large fc-auto\"><img decoding=\"async\" width=\"1024\" height=\"576\" src=\"https:\/\/www.camping-eleovic.com\/wp-content\/uploads\/2023\/08\/EMPL-C-CAR2-1024x576.jpg\" alt=\"\" class=\"wp-image-394\" srcset=\"https:\/\/www.camping-eleovic.com\/wp-content\/uploads\/2023\/08\/EMPL-C-CAR2-1024x576.jpg 1024w, https:\/\/www.camping-eleovic.com\/wp-content\/uploads\/2023\/08\/EMPL-C-CAR2-300x169.jpg 300w, https:\/\/www.camping-eleovic.com\/wp-content\/uploads\/2023\/08\/EMPL-C-CAR2-768x432.jpg 768w, https:\/\/www.camping-eleovic.com\/wp-content\/uploads\/2023\/08\/EMPL-C-CAR2-1536x864.jpg 1536w, https:\/\/www.camping-eleovic.com\/wp-content\/uploads\/2023\/08\/EMPL-C-CAR2.jpg 1920w\" sizes=\"(max-width: 1024px) 100vw, 1024px\" title=\"\"><\/figure>\n<\/figure>\n<\/div>\n\n\n\n<div class=\"is-layout-flow wp-block-column E-10__right\">\n<h2>Die Vermietung von Mobilheimen in La Plaine-sur-Mer<\/h2>\n\n\n\n<div class=\"is-layout-constrained wp-block-group E-10__encart\">\n<p>Unser ideal am Meer gelegener <strong>Campingplatz El\u00e9ovic, der 4 km von La Plaine sur Mer<\/strong> entfernt ist, bietet Ihnen einen au\u00dfergew\u00f6hnlichen Blick auf den Atlantischen Ozean. In einer ruhigen und famili\u00e4ren Umgebung \u00f6ffnen sich alle unsere <a href=\"https:\/\/www.camping-eleovic.com\/de\/mobilheim-frankreich-atlantikkuste\/\" data-type=\"page\" data-id=\"99\">Mobilheime<\/a> auf eine halb\u00fcberdachte Holzterrasse mit Gartenm\u00f6beln und 2 Sonnenliegen. Sie sind in drei Produktreihen erh\u00e4ltlich: Classique, Confort und Prestige.<\/p>\n\n\n\n<p>Mit 1 bis 3 Schlafzimmern ausgestattet, k\u00f6nnen sie bis zu 6 Personen beherbergen. In den <strong>Produktreihen Komfort und Prestige<\/strong> wird das Elternbett auf 160 und die Dusche auf XL vergr\u00f6\u00dfert!<\/p>\n\n\n\n<p>Und wenn Sie w\u00e4hrend Ihres gesamten Aufenthalts von einem Meerblick tr\u00e4umen, entscheiden Sie sich f\u00fcr unser Mobilheim Premium f\u00fcr 4\/5 Personen, von dem aus Sie den Strand und den Ozean bewundern k\u00f6nnen. Sie k\u00f6nnen auch unser Chalet aus Stoff und Holz auf Stelzen w\u00e4hlen, das ebenfalls einen atemberaubenden Meerblick bietet.<\/p>\n\n\n\n<h2>Sch\u00f6ne Stellpl\u00e4tze auf einem traditionellen Campingplatz in La Plaine-sur-Mer<\/h2>\n\n\n\n<p>Halbschattig, sonnig, Sie haben die Wahl unter den <strong>54 Stellpl\u00e4tzen<\/strong> unseres <strong>4-Sterne-Campingplatzes<\/strong>. 27 privilegierte Stellpl\u00e4tze bieten Ihnen einen herrlichen <strong>Blick auf das Meer<\/strong> mit seinen atemberaubenden Sonnenunterg\u00e4ngen! Die anderen 27 Stellpl\u00e4tze erm\u00f6glichen Ihnen einen Teilblick auf den Ozean, den Sie immer wieder bewundern werden!<\/p>\n\n\n\n<div class=\"is-content-justification-left is-layout-flex wp-container-8 wp-block-buttons\">\n<div class=\"wp-block-button\"><a class=\"wp-block-button__link wp-element-button\" href=\"https:\/\/www.camping-eleovic.com\/de\/mobilheim-frankreich-atlantikkuste\/\"><span class=\"fc-icon\" style=\"width:30px; height:30px\"><svg xmlns=\"http:\/\/www.w3.org\/2000\/svg\" viewBox=\"0 0 640 512\"><!--! Font Awesome Pro 6.4.0 by @fontawesome - https:\/\/fontawesome.com License - https:\/\/fontawesome.com\/license (Commercial License) Copyright 2023 Fonticons, Inc. --><path d=\"M404.1 37.1c6.4-7.1 17.4-7.1 23.8 0L538.5 160H480c-6.2 0-11.8 3.6-14.5 9.1s-1.8 12.2 2.1 17L575.8 318.6c.1 .2 .2 .3 .2 .5c0 .5-.4 .9-.9 .9H496c-6.3 0-12.1 3.7-14.6 9.5s-1.4 12.6 2.8 17.2L606 480H414.4c-2.4 11.8-7.4 22.7-14.4 32H609.6c16.8 0 30.4-13.6 30.4-30.4c0-7.6-2.8-14.9-8-20.5L532.3 352h42.8c18.1 0 32.9-14.7 32.9-32.9c0-7.6-2.6-14.9-7.4-20.8L513.7 192h34.7c15.2 0 27.6-12.3 27.6-27.6c0-6.8-2.5-13.4-7.1-18.4L451.7 15.7c-19.1-21.2-52.3-21.2-71.4 0l-95.4 106 23.6 21.6L404.1 37.1zM32 284.2c0-9 3.8-17.5 10.4-23.6l128-117.3c12.2-11.2 31-11.2 43.2 0l128 117.3c6.6 6.1 10.4 14.6 10.4 23.6V448c0 17.7-14.3 32-32 32H64c-17.7 0-32-14.3-32-32V284.2zM0 448c0 35.3 28.7 64 64 64H320c35.3 0 64-28.7 64-64V284.2c0-17.9-7.5-35.1-20.8-47.2l-128-117.3c-24.5-22.4-62-22.4-86.5 0L20.8 237C7.5 249.1 0 266.2 0 284.2V448zM224 288v64H160V288h64zm-64-32c-17.7 0-32 14.3-32 32v64c0 17.7 14.3 32 32 32h64c17.7 0 32-14.3 32-32V288c0-17.7-14.3-32-32-32H160z\"\/><\/svg><\/span>  Siehe Mobilheime<\/a><\/div>\n\n\n\n<div class=\"wp-block-button fc-style-2\"><a class=\"wp-block-button__link wp-element-button\"><span class=\"fc-icon\" style=\"width:30px; height:30px\"><svg xmlns=\"http:\/\/www.w3.org\/2000\/svg\" viewBox=\"0 0 512 512\"><!--! Font Awesome Pro 6.4.0 by @fontawesome - https:\/\/fontawesome.com License - https:\/\/fontawesome.com\/license (Commercial License) Copyright 2023 Fonticons, Inc. --><path d=\"M384 208A176 176 0 1 0 32 208a176 176 0 1 0 352 0zM343.3 366C307 397.2 259.7 416 208 416C93.1 416 0 322.9 0 208S93.1 0 208 0S416 93.1 416 208c0 51.7-18.8 99-50 135.3L507.3 484.7c6.2 6.2 6.2 16.4 0 22.6s-16.4 6.2-22.6 0L343.3 366z\"\/><\/svg><\/span>  Buchen<\/a><\/div>\n<\/div>\n<\/div>\n<\/div>\n<\/div>\n\n\n\n<div class=\"is-layout-flex wp-container-16 wp-block-columns E-05\">\n<div class=\"is-layout-flow wp-block-column\">\n<figure class=\"wp-block-image size-large fc-auto\"><img decoding=\"async\" width=\"1024\" height=\"473\" src=\"https:\/\/www.camping-eleovic.com\/wp-content\/uploads\/2023\/08\/20230809_145715-1024x473.jpg\" alt=\"camping la plaine sur mer mit hallenbad\" class=\"wp-image-299\" srcset=\"https:\/\/www.camping-eleovic.com\/wp-content\/uploads\/2023\/08\/20230809_145715-1024x473.jpg 1024w, https:\/\/www.camping-eleovic.com\/wp-content\/uploads\/2023\/08\/20230809_145715-300x139.jpg 300w, https:\/\/www.camping-eleovic.com\/wp-content\/uploads\/2023\/08\/20230809_145715-768x355.jpg 768w, https:\/\/www.camping-eleovic.com\/wp-content\/uploads\/2023\/08\/20230809_145715-1536x710.jpg 1536w, https:\/\/www.camping-eleovic.com\/wp-content\/uploads\/2023\/08\/20230809_145715.jpg 2000w\" sizes=\"(max-width: 1024px) 100vw, 1024px\" title=\"\"><\/figure>\n\n\n\n<ul class=\"pictos pictos--2\">\n<li><span class=\"fc-icon\" style=\"width:30px; height:30px\"><svg xmlns=\"http:\/\/www.w3.org\/2000\/svg\" viewBox=\"0 0 512 512\"><!--! Font Awesome Pro 6.4.0 by @fontawesome - https:\/\/fontawesome.com License - https:\/\/fontawesome.com\/license (Commercial License) Copyright 2023 Fonticons, Inc. --><path d=\"M392 112a24 24 0 1 0 0-48 24 24 0 1 0 0 48zm0-80a56 56 0 1 1 0 112 56 56 0 1 1 0-112zM1.7 248.8c4-7.9 13.6-11.1 21.5-7.1L419 440.6c14 7 30.3 7.9 44.9 2.4l26.5-10c8.3-3.1 17.5 1.1 20.6 9.3s-1.1 17.5-9.3 20.6l-26.5 10c-23 8.7-48.6 7.3-70.6-3.7L8.8 270.3c-7.9-4-11.1-13.6-7.1-21.5zM160 144H320c6.5 0 12.3 3.9 14.8 9.9s1.1 12.9-3.5 17.4L230.6 272 344 272c13.3 0 24 10.7 24 24v72c0 8.8-7.2 16-16 16s-16-7.2-16-16V304H230.6c-28.5 0-42.8-34.5-22.6-54.6L281.4 176H160c-8.8 0-16-7.2-16-16s7.2-16 16-16z\"\/><\/svg><\/span>  Wasserspiele<\/li>\n\n\n\n<li><span class=\"fc-icon\" style=\"width:30px; height:30px\"><svg xmlns=\"http:\/\/www.w3.org\/2000\/svg\" viewBox=\"0 0 512 512\"><!--! Font Awesome Pro 6.4.0 by @fontawesome - https:\/\/fontawesome.com License - https:\/\/fontawesome.com\/license (Commercial License) Copyright 2023 Fonticons, Inc. --><path d=\"M371.1 13.1c-1-5.3-4.6-9.8-9.6-11.9s-10.7-1.5-15.2 1.6L256 65.1 165.7 2.8c-4.5-3.1-10.2-3.7-15.2-1.6s-8.6 6.6-9.6 11.9L121 121 13.1 140.8c-5.3 1-9.8 4.6-11.9 9.6s-1.5 10.7 1.6 15.2L65.1 256 2.8 346.3c-3.1 4.5-3.7 10.2-1.6 15.2s6.6 8.6 11.9 9.6L121 391l19.8 107.9c1 5.3 4.6 9.8 9.6 11.9s10.7 1.5 15.2-1.6L256 446.9l90.3 62.3c4.5 3.1 10.2 3.7 15.2 1.6s8.6-6.6 9.6-11.9L391 391l107.9-19.8c5.3-1 9.8-4.6 11.9-9.6s1.5-10.7-1.6-15.2L446.9 256l62.3-90.3c3.1-4.5 3.7-10.2 1.6-15.2s-6.6-8.6-11.9-9.6L391 121 371.1 13.1zM265.1 97.7l79.1-54.5 17.4 94.5c1.2 6.5 6.3 11.6 12.8 12.8l94.5 17.4-54.5 79.1c-3.8 5.5-3.8 12.7 0 18.2l54.5 79.1-94.5 17.4c-6.5 1.2-11.6 6.3-12.8 12.8l-17.4 94.5-79.1-54.5c-5.5-3.8-12.7-3.8-18.2 0l-79.1 54.5-17.4-94.5c-1.2-6.5-6.3-11.6-12.8-12.8L43.2 344.1l54.5-79.1c3.8-5.5 3.8-12.7 0-18.2L43.2 167.8l94.5-17.4c6.5-1.2 11.6-6.3 12.8-12.8l17.4-94.5 79.1 54.5c5.5 3.8 12.7 3.8 18.2 0zM256 384a128 128 0 1 0 0-256 128 128 0 1 0 0 256zM160 256a96 96 0 1 1 192 0 96 96 0 1 1 -192 0z\"\/><\/svg><\/span>  Solrium &amp; Planschbecken<\/li>\n<\/ul>\n<\/div>\n\n\n\n<div class=\"is-layout-flow wp-block-column\">\n<h2 class=\"has-text-align-center\">Hallenbad und Zen-Becken, alles perfekt!<\/h2>\n\n\n\n<p>Sie schwanken zwischen beheiztem Pool, Spa\u00dfbecken und Planschbecken? Tr\u00e4umen Sie von einem Zen- und Entspannungsbecken? Auf dem <strong>Campingplatz El\u00e9ovic, der nur 7 Autominuten von La Plaine sur Mer entfernt liegt<\/strong>, steht dir alles zur Verf\u00fcgung!<\/p>\n\n\n\n<p>Sein <strong>Hallenbad mit verstellbarem Dach<\/strong> und Hydromassageb\u00e4nken ist <strong>die ganze Saison \u00fcber auf 28\u00b0 C beheizt<\/strong>. Auf seiner Sonnenterrasse k\u00f6nnen Sie auf bequemen Liegest\u00fchlen entspannen.<\/p>\n\n\n\n<p>Die Kleinen vergn\u00fcgen sich im Spielbecken im Freien oder im <strong>Planschbecken im Inneren<\/strong>.<br>W\u00e4hrend die Gro\u00dfen das 35 m\u00b2 gro\u00dfe Zen-Becken nur f\u00fcr Erwachsene nutzen, mit Massaged\u00fcsen, Wasserfall und Aquabikes. Das ist Entspannung pur!<\/p>\n\n\n\n<p>In der Sommersaison werden am Vormittag <strong>Aqua-Fitness-Aktivit\u00e4ten<\/strong> und am Nachmittag Wasserspiele f\u00fcr die ganze Familie angeboten.<\/p>\n\n\n\n<div class=\"is-content-justification-center is-layout-flex wp-container-13 wp-block-buttons\">\n<div class=\"wp-block-button fc-style-1\"><a class=\"wp-block-button__link wp-element-button\" href=\"https:\/\/www.camping-eleovic.com\/de\/camping-mit-pool-frankreich\/\"><span class=\"fc-icon\" style=\"width:30px; height:30px\"><svg xmlns=\"http:\/\/www.w3.org\/2000\/svg\" viewBox=\"0 0 576 512\"><!--! Font Awesome Pro 6.4.0 by @fontawesome - https:\/\/fontawesome.com License - https:\/\/fontawesome.com\/license (Commercial License) Copyright 2023 Fonticons, Inc. --><path d=\"M128 112c0-44.2 35.8-80 80-80s80 35.8 80 80v32c0 8.8-7.2 16-16 16s-16-7.2-16-16V112c0-26.5-21.5-48-48-48s-48 21.5-48 48V224.2H384V112c0-44.2 35.8-80 80-80s80 35.8 80 80v32c0 8.8-7.2 16-16 16s-16-7.2-16-16V112c0-26.5-21.5-48-48-48s-48 21.5-48 48V240.2 378.2c-10.8 4-21.8 6.2-32 6.2h0V256.2H160V378.2c-9.5-3.5-18.8-8.3-27.1-14.1c-1.6-1.1-3.2-2.2-4.9-3.1V240.2 112zm64 336c20.9 0 41.6-9.9 58.2-21.2c9.8-6.7 18-14 25.9-21.9c6.6-6.5 17.2-6.5 23.7 0c7.9 7.9 16.2 15.2 26 21.9C342.3 438 363.1 448 384 448s41.6-9.9 58.2-21.2c9.8-6.7 18-14 25.9-21.9c6.6-6.5 17.2-6.6 23.7 0c7.9 7.9 16.2 15.2 26 21.9c12.8 8.7 28.1 16.6 44.1 19.8c7.7 1.5 14.1 7.8 14.1 15.7c0 9.8-8 17.9-17.7 16.2c-23.1-4-43.6-15-58.5-25.2c-7.9-5.4-14.7-10.8-19.8-15.3c-5.1 4.5-11.8 9.9-19.8 15.3C441.5 465.9 414.3 480 384 480s-57.6-14.1-76.2-26.8c-7.9-5.4-14.7-10.8-19.8-15.3c-5.1 4.5-11.8 9.9-19.8 15.3C249.5 465.9 222.3 480 192 480s-57.6-14.1-76.2-26.8c-7.9-5.4-14.6-10.8-19.8-15.3c-5.1 4.5-11.8 9.9-19.8 15.3c-14.9 10.2-35.4 21.2-58.5 25.2C8 480.1 0 472 0 462.2c0-7.9 6.4-14.1 14.1-15.7c15.9-3.1 31.3-11.1 44-19.8c9.8-6.7 18-14 25.9-21.9c6.6-6.5 17.2-6.6 23.8 0c7.9 7.9 16.2 15.2 25.9 21.9C150.3 438 171.1 448 192 448z\"\/><\/svg><\/span>  Pool ansehen<\/a><\/div>\n<\/div>\n<\/div>\n\n\n\n<div class=\"is-layout-flow wp-block-column\">\n<ul class=\"pictos pictos--3\">\n<li><span class=\"fc-icon\" style=\"width:30px; height:30px\"><svg xmlns=\"http:\/\/www.w3.org\/2000\/svg\" viewBox=\"0 0 640 512\"><!--! Font Awesome Pro 6.4.0 by @fontawesome - https:\/\/fontawesome.com License - https:\/\/fontawesome.com\/license (Commercial License) Copyright 2023 Fonticons, Inc. --><path d=\"M319.6 0c7.5-.2 14.1 4.9 15.9 12.1l84 336 37.6-93.9c7.3-18.2 24.9-30.2 44.6-30.2H624c8.8 0 16 7.2 16 16s-7.2 16-16 16H501.7c-6.5 0-12.4 4-14.9 10.1l-56 139.9c-2.6 6.4-9 10.5-15.9 10s-12.8-5.4-14.4-12.1l-78.7-315-82 410.2c-1.5 7.3-7.8 12.7-15.3 12.9s-14.1-4.9-15.9-12.1L150.5 268.1C148.8 261 142.4 256 135 256H16c-8.8 0-16-7.2-16-16s7.2-16 16-16H135c22 0 41.2 15 46.6 36.4l40.7 162.7 82-410.2C305.8 5.5 312.1 .2 319.6 0z\"\/><\/svg><\/span>  Aqua-Fitness-Sitzungen<\/li>\n\n\n\n<li><span class=\"fc-icon\" style=\"width:30px; height:30px\"><svg xmlns=\"http:\/\/www.w3.org\/2000\/svg\" viewBox=\"0 0 448 512\"><!--! Font Awesome Pro 6.4.0 by @fontawesome - https:\/\/fontawesome.com License - https:\/\/fontawesome.com\/license (Commercial License) Copyright 2023 Fonticons, Inc. --><path d=\"M176 32c8.8 0 16 7.2 16 16v96c0 38.1 12.4 75.1 35.2 105.6l19.2 25.6c27 36 41.6 79.8 41.6 124.8v64c0 8.8-7.2 16-16 16s-16-7.2-16-16V400c0-38.1-12.4-75.1-35.2-105.6l-19.2-25.6C174.6 232.8 160 189 160 144V48c0-8.8 7.2-16 16-16zM16 96c8.8 0 16 7.2 16 16v45.9c0 34.7 10.3 68.7 29.6 97.6l31.5 47.3c22.8 34.2 34.9 74.3 34.9 115.4V464c0 8.8-7.2 16-16 16s-16-7.2-16-16V418.1c0-34.7-10.3-68.7-29.6-97.6L34.9 273.2C12.2 239.1 0 198.9 0 157.9V112c0-8.8 7.2-16 16-16zm336 16v45.9c0 34.7 10.3 68.7 29.6 97.6l31.5 47.3c22.8 34.2 34.9 74.3 34.9 115.4V464c0 8.8-7.2 16-16 16s-16-7.2-16-16V418.1c0-34.7-10.3-68.7-29.6-97.6l-31.5-47.3C332.2 239.1 320 198.9 320 157.9V112c0-8.8 7.2-16 16-16s16 7.2 16 16z\"\/><\/svg><\/span>  Zen-Becken 35m\u00b2<\/li>\n<\/ul>\n\n\n\n<figure class=\"wp-block-image size-large fc-auto\"><img decoding=\"async\" src=\"https:\/\/www.camping-eleovic.com\/wp-content\/uploads\/2023\/08\/20230610_173649-1024x473.jpg\" alt=\"camping la plaine sur mer mit schwimmbad\" class=\"wp-image-296\" title=\"\"><\/figure>\n<\/div>\n<\/div>\n\n\n\n<div class=\"is-layout-flex wp-container-20 wp-block-columns alignfull E-10 deco--brush-top has-beige-background-color has-background\">\n<div class=\"is-layout-flow wp-block-column deco--bamboo\">\n<figure class=\"wp-block-image size-large fc-auto\"><img decoding=\"async\" width=\"1024\" height=\"701\" src=\"https:\/\/www.camping-eleovic.com\/wp-content\/uploads\/2023\/08\/plage-alentours-1024x701.jpg\" alt=\"la plaine sur mer und Umgebung\" class=\"wp-image-717\" srcset=\"https:\/\/www.camping-eleovic.com\/wp-content\/uploads\/2023\/08\/plage-alentours-1024x701.jpg 1024w, https:\/\/www.camping-eleovic.com\/wp-content\/uploads\/2023\/08\/plage-alentours-300x205.jpg 300w, https:\/\/www.camping-eleovic.com\/wp-content\/uploads\/2023\/08\/plage-alentours-768x526.jpg 768w, https:\/\/www.camping-eleovic.com\/wp-content\/uploads\/2023\/08\/plage-alentours-1536x1051.jpg 1536w, https:\/\/www.camping-eleovic.com\/wp-content\/uploads\/2023\/08\/plage-alentours.jpg 1920w\" sizes=\"(max-width: 1024px) 100vw, 1024px\" title=\"\"><\/figure>\n<\/div>\n\n\n\n<div class=\"is-layout-flow wp-block-column E-10__right\">\n<h2>Was kann man rund um La Plaine sur Mer und Umgebung unternehmen?<\/h2>\n\n\n\n<p>Und um diesen seltenen Rahmen reiner Gelassenheit zu vervollst\u00e4ndigen, bieten Ihnen <strong>La Plaine-sur-Mer und seine Umgebung<\/strong> eine Vielzahl von Aktivit\u00e4ten. Ob Sie gerne <strong>wandern oder Rad fahren<\/strong>, <strong>rund um La Plaine-sur-Mer<\/strong> gibt es viel <strong>zu sehen<\/strong>. Besuchen Sie diese verborgenen Juwelen und planen Sie noch heute Ihr n\u00e4chstes Abenteuer.<\/p>\n\n\n\n<p>Der <strong>Lakas-Garten<\/strong> ist eines dieser Wunder. Er ist von Hecken umgeben und hat eine einzigartige Reihe von hundertj\u00e4hrigen Eschen und alten Obstb\u00e4umen. An diesem Ort finden zahlreiche Veranstaltungen statt. Es ist auch der Ausgangspunkt f\u00fcr Wanderungen. Kinderspiele, Boulepl\u00e4tze, Picknicktische und ein Fitnessparcours werden von den Besuchern gesch\u00e4tzt, um diese Gr\u00fcnfl\u00e4che in vollen Z\u00fcgen genie\u00dfen zu k\u00f6nnen.<\/p>\n\n\n\n<p>Kommen Sie auch zur Zeit der gro\u00dfen Gezeiten, um die <strong>sch\u00f6nen Str\u00e4nde von Port Giraud<\/strong> zu genie\u00dfen und einen Moment des Wohlbefindens bei einem entspannenden Bad zu verbringen. Bei Ebbe werden Angelfreunde \u00fcber diesen Ort und seinen Reichtum staunen. Dieser Ort ist ber\u00fchmt f\u00fcr den Muschelfang. Der <strong>Strand von Port Giraud<\/strong> ist ein idealer Ort zum Entspannen und Angeln.<\/p>\n\n\n\n<p>Um Ihnen schlie\u00dflich den Horizont und seine Reicht\u00fcmer zu bieten, ist das Panorama an der Tara der ideale Ort. Erkunden Sie nicht nur die Inseln, sondern auch die St\u00e4dte an der gegen\u00fcberliegenden K\u00fcste. Der Orientierungstisch ist eine Fundgrube f\u00fcr Informationen \u00fcber <strong>Plaine-sur-Mer und die Region<\/strong>.<\/p>\n\n\n\n<div class=\"is-content-justification-left is-layout-flex wp-container-18 wp-block-buttons\">\n<div class=\"wp-block-button\"><a class=\"wp-block-button__link wp-element-button\" href=\"https:\/\/www.camping-eleovic.com\/de\/umgebung-pornic\/\"><span class=\"fc-icon\" style=\"width:30px; height:30px\"><svg xmlns=\"http:\/\/www.w3.org\/2000\/svg\" viewBox=\"0 0 448 512\"><!--! Font Awesome Pro 6.4.0 by @fontawesome - https:\/\/fontawesome.com License - https:\/\/fontawesome.com\/license (Commercial License) Copyright 2023 Fonticons, Inc. --><path d=\"M28.7 348.7c-6.2 6.2-6.2 16.4 0 22.6s16.4 6.2 22.6 0l10-10C99 394.1 145.1 412.1 192 415.4V480H80c-8.8 0-16 7.2-16 16s7.2 16 16 16H336c8.8 0 16-7.2 16-16s-7.2-16-16-16H224V415.4c51.9-3.7 102.7-25.4 142.4-65c83.7-83.7 87.3-217.1 10.9-305.1l10-10c6.2-6.2 6.2-16.4 0-22.6s-16.4-6.2-22.6 0L343.8 33.6c-6.2 6.2-6.2 16.4 0 22.6c75 75 75 196.5 0 271.5s-196.5 75-271.5 0c-6.2-6.2-16.4-6.2-22.6 0L28.7 348.7zM80 192a128 128 0 1 1 256 0A128 128 0 1 1 80 192zm288 0A160 160 0 1 0 48 192a160 160 0 1 0 320 0z\"\/><\/svg><\/span>  Umgebung ansehen<\/a><\/div>\n\n\n\n<div class=\"wp-block-button fc-style-2\"><a class=\"wp-block-button__link wp-element-button\" href=\"https:\/\/www.camping-eleovic.com\/de\/umgebung-pornic\/\"><span class=\"fc-icon\" style=\"width:30px; height:30px\"><svg xmlns=\"http:\/\/www.w3.org\/2000\/svg\" viewBox=\"0 0 512 512\"><!--! Font Awesome Pro 6.4.0 by @fontawesome - https:\/\/fontawesome.com License - https:\/\/fontawesome.com\/license (Commercial License) Copyright 2023 Fonticons, Inc. --><path d=\"M384 208A176 176 0 1 0 32 208a176 176 0 1 0 352 0zM343.3 366C307 397.2 259.7 416 208 416C93.1 416 0 322.9 0 208S93.1 0 208 0S416 93.1 416 208c0 51.7-18.8 99-50 135.3L507.3 484.7c6.2 6.2 6.2 16.4 0 22.6s-16.4 6.2-22.6 0L343.3 366z\"\/><\/svg><\/span>  Buchen<\/a><\/div>\n<\/div>\n<\/div>\n<\/div>\n","protected":false},"excerpt":{"rendered":"<p>Ihr Campingurlaub in La Plaine sur Mer La Plaine-sur-Mer im D\u00e9partement Loire-Atlantique ist ein bekannter Familienbadeort an der C\u00f4te de Jade, westlich von Pornic. An der Pointe de Saint-Gildas empf\u00e4ngt Sie der Campingplatz El\u00e9ovic in der N\u00e4he von La Plaine-sur-Mer herzlich auf seiner gro\u00dfen schattigen Fl\u00e4che am Meer. Die Vermietung von Mobilheimen in La Plaine-sur-Mer [&hellip;]<\/p>\n","protected":false},"author":1,"featured_media":0,"parent":0,"menu_order":0,"comment_status":"closed","ping_status":"closed","template":"","meta":[],"acf":[],"_links":{"self":[{"href":"https:\/\/www.camping-eleovic.com\/de\/wp-json\/wp\/v2\/pages\/1188"}],"collection":[{"href":"https:\/\/www.camping-eleovic.com\/de\/wp-json\/wp\/v2\/pages"}],"about":[{"href":"https:\/\/www.camping-eleovic.com\/de\/wp-json\/wp\/v2\/types\/page"}],"author":[{"embeddable":true,"href":"https:\/\/www.camping-eleovic.com\/de\/wp-json\/wp\/v2\/users\/1"}],"replies":[{"embeddable":true,"href":"https:\/\/www.camping-eleovic.com\/de\/wp-json\/wp\/v2\/comments?post=1188"}],"version-history":[{"count":5,"href":"https:\/\/www.camping-eleovic.com\/de\/wp-json\/wp\/v2\/pages\/1188\/revisions"}],"predecessor-version":[{"id":2338,"href":"https:\/\/www.camping-eleovic.com\/de\/wp-json\/wp\/v2\/pages\/1188\/revisions\/2338"}],"wp:attachment":[{"href":"https:\/\/www.camping-eleovic.com\/de\/wp-json\/wp\/v2\/media?parent=1188"}],"curies":[{"name":"wp","href":"https:\/\/api.w.org\/{rel}","templated":true}]}}