{"id":1132,"date":"2023-09-28T11:15:48","date_gmt":"2023-09-28T09:15:48","guid":{"rendered":"https:\/\/www.camping-eleovic.com\/verleih-von-fahrraedern\/"},"modified":"2025-10-30T10:32:23","modified_gmt":"2025-10-30T09:32:23","slug":"verleih-von-fahrraedern","status":"publish","type":"page","link":"https:\/\/www.camping-eleovic.com\/de\/verleih-von-fahrraedern\/","title":{"rendered":"Fahrradverleih"},"content":{"rendered":"\n<div class=\"is-layout-constrained wp-block-group\">  <div class=\"sc-searchbar wp-block-buttons\">\r\n    <div class=\"wp-block-button btn_resa show-mob\">\r\n      <a class=\"wp-block-button__link wp-element-button\"><span class=\"fc-icon\" style=\"width:30px; height:30px\"><svg xmlns=\"http:\/\/www.w3.org\/2000\/svg\" viewBox=\"0 0 512 512\"><!--! Font Awesome Pro 6.4.0 by @fontawesome - https:\/\/fontawesome.com License - https:\/\/fontawesome.com\/license (Commercial License) Copyright 2023 Fonticons, Inc. --><path d=\"M384 208A176 176 0 1 0 32 208a176 176 0 1 0 352 0zM343.3 366C307 397.2 259.7 416 208 416C93.1 416 0 322.9 0 208S93.1 0 208 0S416 93.1 416 208c0 51.7-18.8 99-50 135.3L507.3 484.7c6.2 6.2 6.2 16.4 0 22.6s-16.4 6.2-22.6 0L343.3 366z\"><\/path><\/svg><\/span> Buche deinen Aufenthalt<\/a>\r\n    <\/div>\r\n  <\/div>\r\n  \n<\/div>\n\n\n\n<div class=\"is-layout-constrained wp-block-group\">\n<h1 class=\"has-text-align-center\">Fahrradverleih <span class=\"fc-span\">auf dem Campingplatz in Pornic<\/span><\/h1>\n\n\n\n<h2 class=\"has-text-align-center p\">Der Campingplatz bietet einen Fahrradverleih an<\/h2>\n\n\n\n<p class=\"has-text-align-center\">Auf dem Campingplatz Eleovic in Pornic k\u00f6nnen Sie klassische Fahrr\u00e4der f\u00fcr Gro\u00df und Klein und Elektrofahrr\u00e4der f\u00fcr Erwachsene mieten.<br>Jedes Fahrrad wird Ihnen mit einem Fahrradschloss und auf Wunsch einem Helm \u00fcbergeben.<\/p>\n<\/div>\n\n\n\n<div class=\"is-layout-flex wp-container-6 wp-block-columns alignfull deco--brush-top has-beige-background-color has-background\">\n<div class=\"is-layout-flow wp-block-column\">\n<h3>Mountainbikeverleih :<\/h3>\n\n\n\n<ul>\n<li>1\u20442 Tag: 12\u20ac<\/li>\n\n\n\n<li>1 Tag: 19\u20ac<\/li>\n\n\n\n<li>3 Tage: 40\u20ac<\/li>\n\n\n\n<li>1 Woche: 60\u20ac<\/li>\n<\/ul>\n<\/div>\n\n\n\n<div class=\"is-layout-flow wp-block-column\">\n<h3>Verleih von Elektrofahrr\u00e4dern<\/h3>\n\n\n\n<ul>\n<li>1\u20442 Tag: 22\u20ac<\/li>\n\n\n\n<li>1 Tag: 35\u20ac<\/li>\n\n\n\n<li>3 Tage: 75\u20ac<\/li>\n\n\n\n<li>1 Woche: 130\u20ac<\/li>\n<\/ul>\n<\/div>\n\n\n\n<div class=\"is-layout-flow wp-block-column\">\n<h3>Wissenswertes zum Fahrradverleih<\/h3>\n\n\n\n<ul>\n<li>Es wird eine Kaution von 250\u20ac pro klassischem Fahrrad und 1000\u20ac pro Elektrofahrrad verlangt.<\/li>\n\n\n\n<li>Helmverleih: 2\u20ac<\/li>\n\n\n\n<li>Miete Kindersitz (25kg max): 2\u20ac<\/li>\n\n\n\n<li>Reservierung wird empfohlen.<\/li>\n<\/ul>\n<\/div>\n<\/div>\n\n\n\n<div class=\"is-layout-flex wp-container-9 wp-block-columns deco--brush-top\">\n<div class=\"is-layout-flow wp-block-column deco--bamboo\">\n<figure class=\"wp-block-image size-full fc-auto\"><img decoding=\"async\" width=\"1024\" height=\"701\" src=\"https:\/\/www.camping-eleovic.com\/wp-content\/uploads\/2023\/08\/location-velo-1024x701-1.jpg\" alt=\"\" class=\"wp-image-538\" srcset=\"https:\/\/www.camping-eleovic.com\/wp-content\/uploads\/2023\/08\/location-velo-1024x701-1.jpg 1024w, https:\/\/www.camping-eleovic.com\/wp-content\/uploads\/2023\/08\/location-velo-1024x701-1-300x205.jpg 300w, https:\/\/www.camping-eleovic.com\/wp-content\/uploads\/2023\/08\/location-velo-1024x701-1-768x526.jpg 768w\" sizes=\"(max-width: 1024px) 100vw, 1024px\" title=\"\"><\/figure>\n<\/div>\n\n\n\n<div class=\"is-layout-flow wp-block-column\">\n<h2>Fahrradweg <span class=\"fc-span\">in der N\u00e4he des Campingplatzes<\/span><\/h2>\n\n\n\n<p>Ein Fahrradweg befindet sich am Fu\u00dfe des 900 m entfernten Campingplatzes. Sie erm\u00f6glicht es Ihnen, die K\u00fcste zu entdecken und dabei die Landschaft zu genie\u00dfen und schnell zu den n\u00e4chsten Gesch\u00e4ften in Pornic zu gelangen.<br>Das Fahrrad ist eine sehr gesunde und umweltfreundliche Art, sich fortzubewegen und Pornic und seine Umgebung zu erkunden. Es wird Fahrradwege und einen Verleih von Elektrofahrr\u00e4dern f\u00fcr alle Niveaus geben. Wenn Sie nach einem aktiven Tag mit der Familie suchen, k\u00f6nnte dies genau das sein, was Sie brauchen.<\/p>\n\n\n\n<p><strong>Radfahren in Pornic<\/strong><\/p>\n\n\n\n<p>Radfahren ist eine gro\u00dfartige M\u00f6glichkeit, sich zu bewegen, neue Orte zu erkunden und Menschen zu treffen. Nutzen Sie den Fahrradverleih f\u00fcr einen Ausflug und fahren Sie mit der ganzen Familie und Ihren Kindern f\u00fcr eine sch\u00f6ne gemeinsame Zeit.<\/p>\n\n\n\n<p>Es gibt viele verschiedene Arten von Fahrr\u00e4dern, und sie alle haben ihre eigenen Ziele. Elektrofahrr\u00e4der sind z. B. eine tolle Option f\u00fcr alle, die Fahrrad fahren m\u00f6chten, ohne viel Energie aufwenden zu m\u00fcssen.<\/p>\n\n\n\n<p>Elektrofahrr\u00e4der werden immer beliebter, und es ist leicht zu verstehen, warum. Sie bieten eine unterhaltsame M\u00f6glichkeit, sich in der Stadt fortzubewegen oder einfach eine Radtour mit Freunden zu machen. Sie sind auch ideal f\u00fcr Menschen, die Fahrrad fahren wollen, aber mit weniger Anstrengung.<\/p>\n<\/div>\n<\/div>\n","protected":false},"excerpt":{"rendered":"<p>Fahrradverleih auf dem Campingplatz in Pornic Der Campingplatz bietet einen Fahrradverleih an Auf dem Campingplatz Eleovic in Pornic k\u00f6nnen Sie klassische Fahrr\u00e4der f\u00fcr Gro\u00df und Klein und Elektrofahrr\u00e4der f\u00fcr Erwachsene mieten.Jedes Fahrrad wird Ihnen mit einem Fahrradschloss und auf Wunsch einem Helm \u00fcbergeben. Mountainbikeverleih : Verleih von Elektrofahrr\u00e4dern Wissenswertes zum Fahrradverleih Fahrradweg in der N\u00e4he [&hellip;]<\/p>\n","protected":false},"author":1,"featured_media":0,"parent":0,"menu_order":0,"comment_status":"closed","ping_status":"closed","template":"","meta":[],"acf":[],"_links":{"self":[{"href":"https:\/\/www.camping-eleovic.com\/de\/wp-json\/wp\/v2\/pages\/1132"}],"collection":[{"href":"https:\/\/www.camping-eleovic.com\/de\/wp-json\/wp\/v2\/pages"}],"about":[{"href":"https:\/\/www.camping-eleovic.com\/de\/wp-json\/wp\/v2\/types\/page"}],"author":[{"embeddable":true,"href":"https:\/\/www.camping-eleovic.com\/de\/wp-json\/wp\/v2\/users\/1"}],"replies":[{"embeddable":true,"href":"https:\/\/www.camping-eleovic.com\/de\/wp-json\/wp\/v2\/comments?post=1132"}],"version-history":[{"count":4,"href":"https:\/\/www.camping-eleovic.com\/de\/wp-json\/wp\/v2\/pages\/1132\/revisions"}],"predecessor-version":[{"id":2821,"href":"https:\/\/www.camping-eleovic.com\/de\/wp-json\/wp\/v2\/pages\/1132\/revisions\/2821"}],"wp:attachment":[{"href":"https:\/\/www.camping-eleovic.com\/de\/wp-json\/wp\/v2\/media?parent=1132"}],"curies":[{"name":"wp","href":"https:\/\/api.w.org\/{rel}","templated":true}]}}